{"id":3800,"date":"2025-07-16T15:37:19","date_gmt":"2025-07-16T13:37:19","guid":{"rendered":"https:\/\/www.abao.org\/politica-de-cookies\/"},"modified":"2026-01-15T17:06:30","modified_gmt":"2026-01-15T16:06:30","slug":"cookien-politika","status":"publish","type":"page","link":"https:\/\/www.abao.org\/eu\/cookien-politika\/","title":{"rendered":"Pol\u00edtica de Cookies"},"content":{"rendered":"<div\n\tclass=\"abao-text abao-text--regular-font-size abao-text--regular-width abao-text--single-column align wp-block-abao-text\" id=\"abao-text-69fc8e29282ae\">\n\n\t<div class=\"abao-text__inner is-block-inner\">\n\n\t\t\n\t\t<div class=\"abao-text__content is-block-content\">\n\n\t\t\t\t\t\t<h3 class=\"abao-text__heading\">Cookien politika<\/h3>\n\t\t\t\t\n\t\t\t\t\t\t<div class=\"abao-text__text is-text\">\n\t\t\t\t<p>Las cookies son archivos que las p\u00e1ginas web almacenan en el navegador del Usuario que las visita, necesarias para aportar a la navegaci\u00f3n web ventajas en la prestaci\u00f3n de servicios interactivos.<br \/>\nLa Asociaci\u00f3n Bilba\u00edna Amigos de la \u00d3pera (ABAO Bilbao Opera) utiliza cookies de anal\u00edtica propias y de terceros para medir y analizar la navegaci\u00f3n de los usuarios en la p\u00e1gina Web. Las cookies de anal\u00edtica tienen la finalidad de cuantificar el n\u00famero de visitantes y analizar estad\u00edsticamente la utilizaci\u00f3n que hacen los usuarios de nuestros servicios<\/p>\n<p>La informaci\u00f3n que se obtiene es la relativa al n\u00famero de usuarios que acceden a la web, el n\u00famero de p\u00e1ginas vistas, la frecuencia y repetici\u00f3n de las visitas, su duraci\u00f3n, el navegador que utiliza, el operador que\u00a0 presta el servicio, idioma, el terminal que utiliza o la ciudad a la que est\u00e1 asignada su direcci\u00f3n IP.<\/p>\n<p>La p\u00e1gina web de ABAO Bilbao Opera utiliza\u00a0Google Analytics, un servicio de anal\u00edtica web desarrollada por Google, que presta un servicio de medici\u00f3n y an\u00e1lisis de la navegaci\u00f3n en nuestra p\u00e1gina web. Google puede utilizar los datos para mejorar sus servicios y ofrecer servicios a otras empresas.<\/p>\n<p>\u00bfC\u00d3MO SE PUEDEN GESTIONAR LAS COOKIES?<br \/>\nAlgunas personas prefieren no habilitar las cookies. Este es el motivo por el que la mayor\u00eda de los navegadores te ofrecen la posibilidad de administrar cookies que sean adecuadas para ti.<\/p>\n<p>A continuaci\u00f3n te indicamos c\u00f3mo en los principales navegadores se puede llevar a cabo:<br \/>\nInternet Explorer:\u00a0http:\/\/windows.microsoft.com\/es-es\/internet-explorer\/delete-manage-cookies<br \/>\nGoogle Chrome:\u00a0https:\/\/support.google.com\/chrome\/answer\/95647?hl=es<br \/>\nGoogle Chrome para Android:\u00a0https:\/\/support.google.com\/chrome\/answer\/2392971?hl=es<br \/>\nMozilla Firefox:\u00a0https:\/\/support.mozilla.org\/es\/kb\/habilitar-y-deshabilitar-cookies-que-los-sitios-we<br \/>\nSafari:\u00a0http:\/\/support.apple.com\/kb\/ph5042<br \/>\nSafari para IOS (iPhone\/iPad):\u00a0http:\/\/support.apple.com\/kb\/ht1677?viewlocale=es_es&amp;locale=es_es<\/p>\n<p>Estos navegadores est\u00e1n sometidos a constantes actualizaciones y modificaciones, por lo que la informaci\u00f3n que ah\u00ed encuentres podr\u00eda no ajustarse completamente a tu navegador. Tambi\u00e9n es posible que utilices otro navegador no contemplado en estos enlaces, en cuyo caso deber\u00edas consultar la ayuda del mismo para configurar el uso de cookies.<br \/>\nSi quisieses retirar tu consentimiento en cualquier momento relacionado con la presente Pol\u00edtica de Cookies, deber\u00e1 eliminar las cookies almacenadas a trav\u00e9s de los ajustes y configuraciones de su navegador de Internet.<\/p>\n<p>Adem\u00e1s, la mayor\u00eda de los navegadores ofrecen hoy un modo inc\u00f3gnito o privado, \u00fatil para cuando no quieras que tus visitas a sitios web o tus descargas se registren en los historiales de navegaci\u00f3n y descargas. Las cookies creadas en estos modos inc\u00f3gnitos se eliminan despu\u00e9s de cerrar todas las ventanas del navegador.<\/p>\n<p>COOKIES DE TERCEROS<\/p>\n<p>En cumplimiento de lo establecido en el art\u00edculo 22.2 de la LSSI se detallan las cookies que pueden instalarse habitualmente durante la navegaci\u00f3n por este sitio web:<\/p>\n<table>\n<tbody>\n<tr>\n<td id=\"iqbfd\"><strong>Tipo<\/strong><\/td>\n<td id=\"i9nfh\"><strong>Empresa<\/strong><\/td>\n<td id=\"izkqw\"><strong>Finalidad<\/strong><\/td>\n<td id=\"ijblbr\"><strong>Pol\u00edtica<\/strong><\/td>\n<\/tr>\n<tr>\n<td id=\"i0fgpb\">\u00a0_utma<br \/>\n_utmb<br \/>\n_utmc<br \/>\n_utmz<\/td>\n<td id=\"ixzyai\">Google Analytics<\/td>\n<td id=\"ib1zhg\">Navegaci\u00f3n de forma an\u00f3nima que permite saber qu\u00e9 se consulta y c\u00f3mo se navega. Google Analytics, un servicio gratuito de estad\u00edsticas de p\u00e1ginas web que ofrece Google, Inc. Google Analytics recoge informaci\u00f3n del equipo del usuario para evaluar el uso de la aplicaci\u00f3n News App y compilar informes sobre la actividad de la aplicaci\u00f3n<\/td>\n<td id=\"iqyi8r\"><a href=\"http:\/\/www.google.com\/intl\/ca\/policies\/privacy\/\">http:\/\/www.google.com\/intl\/ca\/policies\/privacy\/<\/a><\/p>\n<p><a href=\"http:\/\/www.google.com\/intl\/en\/privacypolicy.html\">http:\/\/www.google.com\/intl\/en\/privacypolicy.html<\/a><\/td>\n<\/tr>\n<tr>\n<td id=\"i4wtsk\">\u00a0Google Maps<\/td>\n<td id=\"irq9cg\">Google<\/td>\n<td id=\"i3m3q2\">Cookie de localizaci\u00f3n para la p\u00e1gina c\u00f3mo llegar, que indica al usuario la ruta desde su punto hasta ABAO.<\/td>\n<td id=\"iu76r4\"><a href=\"http:\/\/www.google.com\/policies\/technologies\/cookies\/\">http:\/\/www.google.com\/policies\/technologies\/cookies\/<\/a><\/td>\n<\/tr>\n<tr>\n<td id=\"iimqm7\">\u00a0Facebook<\/td>\n<td id=\"iizkb7\">Facebook, Inc.<\/td>\n<td id=\"i6yeiq\">Carga de comentarios de Facebook relativos a ABAO en la home<\/td>\n<td id=\"ibwsn5\"><a href=\"https:\/\/www.facebook.com\/policies\/cookies\/\" target=\"_blank\" rel=\"noopener\">https:\/\/www.facebook.com\/policies\/cookies\/<\/a><\/td>\n<\/tr>\n<tr>\n<td id=\"iw5yl9\">\u00a0Twitter<\/td>\n<td id=\"i1hcig\">Twitter, Inc.<\/td>\n<td id=\"ioex76\">Carga de menciones de Twitter relativos a ABAO en la home<\/td>\n<td id=\"i1b6a7\"><a href=\"https:\/\/help.twitter.com\/es\/rules-and-policies\/twitter-cookies\" target=\"_blank\" rel=\"noopener\">https:\/\/help.twitter.com\/es\/rules-and-policies\/twitter-cookies<\/a><\/td>\n<\/tr>\n<\/tbody>\n<\/table>\n<p>&nbsp;<\/p>\n\t\t\t<\/div>\n\t\t\t\t\n\t\t\t\t\t<\/div>\n\t<\/div>\n<\/div>\n","protected":false},"excerpt":{"rendered":"","protected":false},"author":1,"featured_media":0,"parent":0,"menu_order":30,"comment_status":"closed","ping_status":"closed","template":"","meta":{"_acf_changed":false,"footnotes":""},"class_list":["post-3800","page","type-page","status-publish","hentry"],"acf":[],"yoast_head":"<!-- This site is optimized with the Yoast SEO plugin v27.5 - https:\/\/yoast.com\/product\/yoast-seo-wordpress\/ -->\n<title>Cookien politika - ABAO-OLBE<\/title>\n<meta name=\"robots\" content=\"index, follow, max-snippet:-1, max-image-preview:large, max-video-preview:-1\" \/>\n<link rel=\"canonical\" href=\"https:\/\/www.abao.org\/eu\/cookien-politika\/\" \/>\n<meta property=\"og:locale\" content=\"eu_ES\" \/>\n<meta property=\"og:type\" content=\"article\" \/>\n<meta property=\"og:title\" content=\"Cookien politika - ABAO-OLBE\" \/>\n<meta property=\"og:url\" content=\"https:\/\/www.abao.org\/eu\/cookien-politika\/\" \/>\n<meta property=\"og:site_name\" content=\"ABAO-OLBE\" \/>\n<meta property=\"article:modified_time\" content=\"2026-01-15T16:06:30+00:00\" \/>\n<meta name=\"twitter:card\" content=\"summary_large_image\" \/>\n<script type=\"application\/ld+json\" class=\"yoast-schema-graph\">{\"@context\":\"https:\\\/\\\/schema.org\",\"@graph\":[{\"@type\":\"WebPage\",\"@id\":\"https:\\\/\\\/www.abao.org\\\/eu\\\/cookien-politika\\\/\",\"url\":\"https:\\\/\\\/www.abao.org\\\/eu\\\/cookien-politika\\\/\",\"name\":\"Cookien politika - ABAO-OLBE\",\"isPartOf\":{\"@id\":\"https:\\\/\\\/www.abao.org\\\/eu\\\/#website\"},\"datePublished\":\"2025-07-16T13:37:19+00:00\",\"dateModified\":\"2026-01-15T16:06:30+00:00\",\"breadcrumb\":{\"@id\":\"https:\\\/\\\/www.abao.org\\\/eu\\\/cookien-politika\\\/#breadcrumb\"},\"inLanguage\":\"eu\",\"potentialAction\":[{\"@type\":\"ReadAction\",\"target\":[\"https:\\\/\\\/www.abao.org\\\/eu\\\/cookien-politika\\\/\"]}]},{\"@type\":\"BreadcrumbList\",\"@id\":\"https:\\\/\\\/www.abao.org\\\/eu\\\/cookien-politika\\\/#breadcrumb\",\"itemListElement\":[{\"@type\":\"ListItem\",\"position\":1,\"name\":\"Portada\",\"item\":\"https:\\\/\\\/www.abao.org\\\/eu\\\/\"},{\"@type\":\"ListItem\",\"position\":2,\"name\":\"Pol\u00edtica de Cookies\"}]},{\"@type\":\"WebSite\",\"@id\":\"https:\\\/\\\/www.abao.org\\\/eu\\\/#website\",\"url\":\"https:\\\/\\\/www.abao.org\\\/eu\\\/\",\"name\":\"ABAO-OLBE\",\"description\":\"\",\"publisher\":{\"@id\":\"https:\\\/\\\/www.abao.org\\\/eu\\\/#organization\"},\"potentialAction\":[{\"@type\":\"SearchAction\",\"target\":{\"@type\":\"EntryPoint\",\"urlTemplate\":\"https:\\\/\\\/www.abao.org\\\/eu\\\/?s={search_term_string}\"},\"query-input\":{\"@type\":\"PropertyValueSpecification\",\"valueRequired\":true,\"valueName\":\"search_term_string\"}}],\"inLanguage\":\"eu\"},{\"@type\":\"Organization\",\"@id\":\"https:\\\/\\\/www.abao.org\\\/eu\\\/#organization\",\"name\":\"ABAO-OLBE\",\"url\":\"https:\\\/\\\/www.abao.org\\\/eu\\\/\",\"logo\":{\"@type\":\"ImageObject\",\"inLanguage\":\"eu\",\"@id\":\"https:\\\/\\\/www.abao.org\\\/eu\\\/#\\\/schema\\\/logo\\\/image\\\/\",\"url\":\"https:\\\/\\\/www.abao.org\\\/wp-content\\\/uploads\\\/2025\\\/07\\\/abao-bilba-opera.svg\",\"contentUrl\":\"https:\\\/\\\/www.abao.org\\\/wp-content\\\/uploads\\\/2025\\\/07\\\/abao-bilba-opera.svg\",\"width\":260,\"height\":80,\"caption\":\"ABAO-OLBE\"},\"image\":{\"@id\":\"https:\\\/\\\/www.abao.org\\\/eu\\\/#\\\/schema\\\/logo\\\/image\\\/\"}}]}<\/script>\n<!-- \/ Yoast SEO plugin. -->","yoast_head_json":{"title":"Cookien politika - ABAO-OLBE","robots":{"index":"index","follow":"follow","max-snippet":"max-snippet:-1","max-image-preview":"max-image-preview:large","max-video-preview":"max-video-preview:-1"},"canonical":"https:\/\/www.abao.org\/eu\/cookien-politika\/","og_locale":"eu_ES","og_type":"article","og_title":"Cookien politika - ABAO-OLBE","og_url":"https:\/\/www.abao.org\/eu\/cookien-politika\/","og_site_name":"ABAO-OLBE","article_modified_time":"2026-01-15T16:06:30+00:00","twitter_card":"summary_large_image","schema":{"@context":"https:\/\/schema.org","@graph":[{"@type":"WebPage","@id":"https:\/\/www.abao.org\/eu\/cookien-politika\/","url":"https:\/\/www.abao.org\/eu\/cookien-politika\/","name":"Cookien politika - ABAO-OLBE","isPartOf":{"@id":"https:\/\/www.abao.org\/eu\/#website"},"datePublished":"2025-07-16T13:37:19+00:00","dateModified":"2026-01-15T16:06:30+00:00","breadcrumb":{"@id":"https:\/\/www.abao.org\/eu\/cookien-politika\/#breadcrumb"},"inLanguage":"eu","potentialAction":[{"@type":"ReadAction","target":["https:\/\/www.abao.org\/eu\/cookien-politika\/"]}]},{"@type":"BreadcrumbList","@id":"https:\/\/www.abao.org\/eu\/cookien-politika\/#breadcrumb","itemListElement":[{"@type":"ListItem","position":1,"name":"Portada","item":"https:\/\/www.abao.org\/eu\/"},{"@type":"ListItem","position":2,"name":"Pol\u00edtica de Cookies"}]},{"@type":"WebSite","@id":"https:\/\/www.abao.org\/eu\/#website","url":"https:\/\/www.abao.org\/eu\/","name":"ABAO-OLBE","description":"","publisher":{"@id":"https:\/\/www.abao.org\/eu\/#organization"},"potentialAction":[{"@type":"SearchAction","target":{"@type":"EntryPoint","urlTemplate":"https:\/\/www.abao.org\/eu\/?s={search_term_string}"},"query-input":{"@type":"PropertyValueSpecification","valueRequired":true,"valueName":"search_term_string"}}],"inLanguage":"eu"},{"@type":"Organization","@id":"https:\/\/www.abao.org\/eu\/#organization","name":"ABAO-OLBE","url":"https:\/\/www.abao.org\/eu\/","logo":{"@type":"ImageObject","inLanguage":"eu","@id":"https:\/\/www.abao.org\/eu\/#\/schema\/logo\/image\/","url":"https:\/\/www.abao.org\/wp-content\/uploads\/2025\/07\/abao-bilba-opera.svg","contentUrl":"https:\/\/www.abao.org\/wp-content\/uploads\/2025\/07\/abao-bilba-opera.svg","width":260,"height":80,"caption":"ABAO-OLBE"},"image":{"@id":"https:\/\/www.abao.org\/eu\/#\/schema\/logo\/image\/"}}]}},"_links":{"self":[{"href":"https:\/\/www.abao.org\/eu\/wp-json\/wp\/v2\/pages\/3800","targetHints":{"allow":["GET"]}}],"collection":[{"href":"https:\/\/www.abao.org\/eu\/wp-json\/wp\/v2\/pages"}],"about":[{"href":"https:\/\/www.abao.org\/eu\/wp-json\/wp\/v2\/types\/page"}],"author":[{"embeddable":true,"href":"https:\/\/www.abao.org\/eu\/wp-json\/wp\/v2\/users\/1"}],"replies":[{"embeddable":true,"href":"https:\/\/www.abao.org\/eu\/wp-json\/wp\/v2\/comments?post=3800"}],"version-history":[{"count":3,"href":"https:\/\/www.abao.org\/eu\/wp-json\/wp\/v2\/pages\/3800\/revisions"}],"predecessor-version":[{"id":4392,"href":"https:\/\/www.abao.org\/eu\/wp-json\/wp\/v2\/pages\/3800\/revisions\/4392"}],"wp:attachment":[{"href":"https:\/\/www.abao.org\/eu\/wp-json\/wp\/v2\/media?parent=3800"}],"curies":[{"name":"wp","href":"https:\/\/api.w.org\/{rel}","templated":true}]}}