{"id":3552,"date":"2025-07-28T13:05:12","date_gmt":"2025-07-28T11:05:12","guid":{"rendered":"https:\/\/www.abao.org\/gazteam\/"},"modified":"2026-02-19T13:39:35","modified_gmt":"2026-02-19T12:39:35","slug":"gazteam","status":"publish","type":"page","link":"https:\/\/www.abao.org\/eu\/gazteam\/","title":{"rendered":"Gazteam"},"content":{"rendered":"\t<div\n\t\tstyle=\"--_background-image: url(https:\/\/www.abao.org\/wp-content\/uploads\/2025\/08\/hero-gazteam.svg);\" class=\"abao-page-heading abao-page-heading--has-background-image abao-page-heading--regular-type align wp-block-abao-page-heading\" id=\"abao-page-heading-69fc8c68a53be\"\t>\n\t\t<div class=\"abao-page-heading__inner\">\n\t\t\t\n\t\t\t<h1 class=\"abao-page-heading__heading\">Gazteam<\/h1>\n\n\t\t\t\t\t\t\t<h2 class=\"abao-page-heading__subheading\">Opera atsegin duzu, baina oraindik ez dakizu<\/h2>\n\t\t\t\t\t<\/div>\n\t<\/div>\n\n\n<div\n\tstyle=\"padding-top:var(--wp--preset--spacing--custom-80);padding-bottom:var(--wp--preset--spacing--custom-80);\" class=\"abao-text is-block-with-sidebar abao-text--regular-font-size abao-text--regular-width abao-text--single-column align wp-block-abao-text\" id=\"abao-text-69fc8c68a57d9\">\n\n\t<div class=\"abao-text__inner is-block-inner\">\n\n\t\t<div class=\"abao-block__sidebar abao-block__sidebar--regular-width is-block-sidebar\"><h2 class=\"abao-block__sidebar-heading abao-block__sidebar-heading--regular-size\">Creada por y para menores de 30 a\u00f1os<\/h2><\/div>\n\t\t<div class=\"abao-text__content is-block-content\">\n\n\t\t\t\n\t\t\t\t\t\t<div class=\"abao-text__text is-text\">\n\t\t\t\t<p>Gazteamekin, opera gazteei hurbildu nahi diegu, abantaila esklusiboen eta oztoporik gabe gozatzeko pentsatutako jardueren bidez.<\/p>\n<p><strong>Gazteameko kide izatea oso erraza da.<\/strong><\/p>\n<p>Gazteam ABAO txartela (12 \u20ac urtean) besterik ez duzu behar, sarrerak prezio berezian eta erosteko lehentasunez eskuratzea ahalbidetzen dizuna.<\/p>\n<p>Bi modalitate daude:<\/p>\n<ul>\n<li><strong>T25 Txartela:<\/strong> 25 urtera bitarteko gazteentzat \u2192 sarrerak 28 \u20ac-an\u202f\u20ac<\/li>\n<li><strong>T30 Txartela:<\/strong> 26 eta 30 urte bitarteko gazteentzat \u2192 sarrerak 33 \u20ac-an<\/li>\n<\/ul>\n<p>Bietako edozeinekin, sarrerak edozein emanalditarako eros ditzakezu, erabilgarri dauden besaulkirik onenetan, <strong>emanaldiaren egun bereko 17:00etatik aurrera Euskaldunako leihatilan.<\/strong><\/p>\n<p><strong>Eta orain, baita aurretiazko erosketarekin ere!<\/strong><\/p>\n<p>Estreinaldiaren asteko astelehenetik aurrera, zure besaulkia ziurta dezakezu.<\/p>\n<p>30 urte edo gutxiago badituzu, ABAOn zure zain gaude.<\/p>\n\t\t\t<\/div>\n\t\t\t\t\n\t\t\t\t\t<\/div>\n\t<\/div>\n<\/div>\n\n\n<div\n\tclass=\"abao-cta abao-cta--long-text-type align wp-block-abao-cta\" id=\"abao-cta-69fc8c68a5dbb\">\n\n\t<div class=\"abao-cta__inner\">\n\n\t\t\t\t<div class=\"abao-cta__media\">\n\t\t\t<img loading=\"lazy\" decoding=\"async\" width=\"1024\" height=\"683\" src=\"https:\/\/www.abao.org\/wp-content\/uploads\/2025\/08\/gazteam-01.jpg\" class=\"abao-cta__image\" alt=\"\" srcset=\"https:\/\/www.abao.org\/wp-content\/uploads\/2025\/08\/gazteam-01.jpg 1024w, https:\/\/www.abao.org\/wp-content\/uploads\/2025\/08\/gazteam-01-768x512.jpg 768w\" sizes=\"auto, (max-width: 1024px) 100vw, 1024px\" \/>\t\t<\/div>\n\t\t\t\n\t\t<div class=\"abao-cta__content\">\n\t\t\t<h2 class=\"abao-cta__heading\">Te gusta la \u00f3pera pero&#8230; \u00bfa\u00fan no sabes c\u00f3mo funciona la temporada de \u00f3pera en ABAO?<\/h2>\n\n\t\t\t\t\t\t<div class=\"abao-cta__text is-text\">\n\t\t\t\t<p>Nuestra temporada est\u00e1 formada por cinco \u00f3peras muy diferentes, repartidas entre octubre y mayo. De cada \u00f3pera se hacen cuatro representaciones: los lunes, martes, viernes y s\u00e1bado. <\/p>\n\t\t\t<\/div>\n\t\t\t\t\n\t\t\t\t\t\t<div class=\"abao-cta__action-list is-action-list\">\n\t\t\t\t<div class=\"abao-cta__action-item is-action-item\">\n\t\t\t\t\t<a href=\"\/temporada\/opera-2025-26\/\" class=\"abao-cta__action-link is-action-link nice-button\" target=\"\">\n\t\t\t\t\t\tVer temporada\t\t\t\t\t<\/a>\n\t\t\t\t<\/div>\n\t\t\t<\/div>\n\t\t\t\t\t\t<\/div>\n\t<\/div>\n\n<\/div>\n\n\n<div\n\tstyle=\"background-color: #f6d34b;\" class=\"abao-cta abao-cta--plain-color-type abao-cta--dark-foreground-color align wp-block-abao-cta\" id=\"abao-cta-69fc8c68a61f0\">\n\n\t<div class=\"abao-cta__inner\">\n\n\t\t\n\t\t<div class=\"abao-cta__content\">\n\t\t\t<h2 class=\"abao-cta__heading\">Pide ya tu tarjeta Gazteam ABAO<\/h2>\n\n\t\t\t\n\t\t\t\t\t\t<div class=\"abao-cta__action-list is-action-list\">\n\t\t\t\t<div class=\"abao-cta__action-item is-action-item\">\n\t\t\t\t\t<a href=\"https:\/\/docs.google.com\/forms\/d\/e\/1FAIpQLSe94uXIK8OkSAzMusDU4aPwAsUtjHhSnzWLQIDTysdrCOvB-Q\/viewform?pli=1\" class=\"abao-cta__action-link is-action-link nice-button\" target=\"\">\n\t\t\t\t\t\tHazte Gazteamer\t\t\t\t\t<\/a>\n\t\t\t\t<\/div>\n\t\t\t<\/div>\n\t\t\t\t\t\t<\/div>\n\t<\/div>\n\n<\/div>\n\n\n<div\n\tstyle=\"padding-top:var(--wp--preset--spacing--custom-80);padding-bottom:var(--wp--preset--spacing--custom-80);\" class=\"abao-social-network-list align wp-block-abao-social-network-list has-background has-neutral-light-background-color\" id=\"abao-social-network-list-69fc8c68a643d\">\n\n\t<div class=\"abao-social-network-list__inner\">\n\n\t\t<div class=\"abao-social-network-list__preheading\">\n\t\t\t<a href=\"https:\/\/gazteamabao.org\" target=\"_blank\">gazteamabao.org<\/a>\t\t<\/div>\n\n\t\t<h2 class=\"abao-social-network-list__heading\">\n\t\t\tSigue a Gazteam en redes\t\t<\/h2>\n\n\t\t<ul class=\"abao-social-network-list__list\">\n\t\t\t\t<li class=\"abao-social-network-list__item\">\n\t\t\t<a\n\t\t\t\thref   = \"#\"\n\t\t\t\ttarget = \"\"\n\t\t\t\ttitle  = \"TikTok\"\n\t\t\t\tclass  = \"abao-social-network-list__item-link\"\n\t\t\t\tstyle = \"--_icon:url('data:image\/svg+xml;utf8,%3C%3Fxml%20version%3D%221.0%22%20encoding%3D%22UTF-8%22%3F%3E%20%3Csvg%20xmlns%3D%22http%3A%2F%2Fwww.w3.org%2F2000%2Fsvg%22%20width%3D%2232%22%20height%3D%2232%22%20viewBox%3D%220%200%2032%2032%22%20fill%3D%22none%22%3E%3Cpath%20d%3D%22M16%200C24.8367%205.15425e-05%2032%207.16372%2032%2016C31.9998%2024.8371%2024.8366%2031.9999%2016%2032C7.16378%2032%200.000155125%2024.8371%200%2016C0%207.16368%207.16368%200%2016%200ZM16.2412%2015L16.2373%2019.8867C16.2373%2021.1934%2015.3867%2022.3018%2014.207%2022.6914C13.8647%2022.8048%2013.4951%2022.8583%2013.1104%2022.8369C12.6188%2022.81%2012.1578%2022.6622%2011.7578%2022.4229C10.9062%2021.9132%2010.329%2020.9886%2010.3135%2019.9316C10.2888%2018.2797%2011.6242%2016.9326%2013.2754%2016.9326C13.601%2016.9326%2013.9142%2016.9857%2014.207%2017.082V13.7666C13.898%2013.7208%2013.5835%2013.6973%2013.2656%2013.6973C11.4586%2013.6973%209.7686%2014.4486%208.56055%2015.8018C7.64758%2016.8244%207.09922%2018.1291%207.01465%2019.4971C6.90388%2021.2945%207.56166%2023.0032%208.83691%2024.2637C9.02408%2024.4486%209.22114%2024.6199%209.42676%2024.7783C10.5203%2025.6196%2011.8578%2026.0762%2013.2656%2026.0762C13.5835%2026.0762%2013.898%2026.0526%2014.207%2026.0068C15.5221%2025.8118%2016.7357%2025.2102%2017.6934%2024.2637C18.8704%2023.1003%2019.5203%2021.5556%2019.5273%2019.9121L19.5107%2012.6143C20.0721%2013.0474%2020.6859%2013.4055%2021.3447%2013.6836C22.3692%2014.1161%2023.4563%2014.3353%2024.5742%2014.335V11.083C24.5753%2011.0837%2024.5652%2011.084%2024.5645%2011.084C23.4215%2011.0839%2022.3667%2010.7053%2021.5195%2010.0664C20.5483%209.33404%2019.8498%208.25974%2019.6035%207.02148C19.5426%206.71575%2019.5102%206.39963%2019.5068%206.07617H16.2412V15Z%22%20fill%3D%22%232C2C2C%22%3E%3C%2Fpath%3E%3C%2Fsvg%3E%20')\"\n\t\t\t>\n\t\t\tTikTok\t\t\t<\/a>\n\t\t<\/li>\n\t\t\t\t\t<li class=\"abao-social-network-list__item\">\n\t\t\t<a\n\t\t\t\thref   = \"https:\/\/www.instagram.com\/abaobilbaoopera\/\"\n\t\t\t\ttarget = \"\"\n\t\t\t\ttitle  = \"Instagram\"\n\t\t\t\tclass  = \"abao-social-network-list__item-link\"\n\t\t\t\tstyle = \"--_icon:url('data:image\/svg+xml;utf8,%3C%3Fxml%20version%3D%221.0%22%20encoding%3D%22UTF-8%22%3F%3E%20%3Csvg%20xmlns%3D%22http%3A%2F%2Fwww.w3.org%2F2000%2Fsvg%22%20width%3D%2232%22%20height%3D%2233%22%20viewBox%3D%220%200%2032%2033%22%20fill%3D%22none%22%3E%3Cpath%20fill-rule%3D%22evenodd%22%20clip-rule%3D%22evenodd%22%20d%3D%22M0%2016.4043C0%207.56774%207.16344%200.404297%2016%200.404297C24.8366%200.404297%2032%207.56774%2032%2016.4043C32%2025.2409%2024.8366%2032.4043%2016%2032.4043C7.16344%2032.4043%200%2025.2409%200%2016.4043ZM16.0008%207.87096C13.6833%207.87096%2013.3924%207.8811%2012.4822%207.92252C11.5737%207.96412%2010.9536%208.10794%2010.4111%208.31897C9.8498%208.53693%209.37371%208.82848%208.89939%209.30298C8.42472%209.77729%208.13316%2010.2534%207.91449%2010.8145C7.70294%2011.3572%207.55893%2011.9775%207.51804%2012.8856C7.47733%2013.7958%207.46667%2014.0869%207.46667%2016.4044C7.46667%2018.7219%207.47698%2019.0119%207.51822%2019.9221C7.56%2020.8306%207.70382%2021.4507%207.91467%2021.9932C8.13281%2022.5545%208.42437%2023.0306%208.89886%2023.5049C9.373%2023.9796%209.84909%2024.2718%2010.41%2024.4898C10.9529%2024.7008%2011.5732%2024.8447%2012.4815%2024.8863C13.3917%2024.9277%2013.6824%2024.9378%2015.9997%2024.9378C18.3174%2024.9378%2018.6074%2024.9277%2019.5176%2024.8863C20.4261%2024.8447%2021.0469%2024.7008%2021.5898%2024.4898C22.1509%2024.2718%2022.6263%2023.9796%2023.1004%2023.5049C23.5751%2023.0306%2023.8667%2022.5545%2024.0853%2021.9934C24.2951%2021.4507%2024.4391%2020.8304%2024.4818%2019.9223C24.5227%2019.0121%2024.5333%2018.7219%2024.5333%2016.4044C24.5333%2014.0869%2024.5227%2013.796%2024.4818%2012.8858C24.4391%2011.9773%2024.2951%2011.3572%2024.0853%2010.8146C23.8667%2010.2534%2023.5751%209.77729%2023.1004%209.30298C22.6258%208.82831%2022.1511%208.53675%2021.5893%208.31897C21.0453%208.10794%2020.4248%207.96412%2019.5164%207.92252C18.6062%207.8811%2018.3164%207.87096%2015.9981%207.87096H16.0008ZM15.2341%209.40643C15.4614%209.40608%2015.7151%209.40643%2016.0001%209.40643C18.28%209.40643%2018.5502%209.41462%2019.4505%209.45554C20.283%209.49361%2020.7349%209.63274%2021.0359%209.74963C21.4344%209.90442%2021.7185%2010.0894%2022.0171%2010.3883C22.316%2010.6872%2022.501%2010.9719%2022.6561%2011.3704C22.773%2011.6711%2022.9123%2012.123%2022.9502%2012.9557C22.9911%2013.8559%2023%2014.1264%2023%2016.4055C23%2018.6846%2022.9911%2018.955%2022.9502%2019.8552C22.9121%2020.6879%2022.773%2021.1398%2022.6561%2021.4405C22.5014%2021.839%2022.316%2022.1228%2022.0171%2022.4215C21.7183%2022.7204%2021.4345%2022.9054%2021.0359%2023.0602C20.7352%2023.1776%2020.283%2023.3164%2019.4505%2023.3545C18.5504%2023.3954%2018.28%2023.4043%2016.0001%2023.4043C13.72%2023.4043%2013.4498%2023.3954%2012.5497%2023.3545C11.7171%2023.3161%2011.2653%2023.1769%2010.9641%2023.06C10.5656%2022.9052%2010.281%2022.7202%209.98215%2022.4213C9.68329%2022.1224%209.49828%2021.8385%209.34316%2021.4398C9.22628%2021.1391%209.08699%2020.6872%209.0491%2019.8545C9.00818%2018.9543%209%2018.6838%209%2016.4033C9%2014.1228%209.00818%2013.8538%209.0491%2012.9535C9.08717%2012.1209%209.22628%2011.669%209.34316%2011.368C9.49792%2010.9694%209.68329%2010.6848%209.98215%2010.3859C10.281%2010.087%2010.5656%209.90193%2010.9641%209.74678C11.2651%209.62936%2011.7171%209.49059%2012.5497%209.45233C13.3374%209.41675%2013.6427%209.40608%2015.2341%209.4043V9.40643ZM20.5581%2010.8244C19.9924%2010.8244%2019.5334%2011.2829%2019.5334%2011.8489C19.5334%2012.4146%2019.9924%2012.8737%2020.5581%2012.8737C21.1238%2012.8737%2021.5827%2012.4146%2021.5827%2011.8489C21.5827%2011.2831%2021.1238%2010.8241%2020.5581%2010.8241V10.8244ZM16.0001%2012.0218C13.5784%2012.0218%2011.615%2013.9854%2011.615%2016.4074C11.615%2018.8294%2013.5784%2020.7921%2016.0001%2020.7921C18.4217%2020.7921%2020.3844%2018.8294%2020.3844%2016.4074C20.3844%2013.9854%2018.4216%2012.0218%2015.9999%2012.0218H16.0001ZM16%2013.4043C17.6567%2013.4043%2019%2014.7474%2019%2016.4043C19%2018.061%2017.6567%2019.4043%2016%2019.4043C14.3431%2019.4043%2013%2018.061%2013%2016.4043C13%2014.7474%2014.3431%2013.4043%2016%2013.4043Z%22%20fill%3D%22%232C2C2C%22%3E%3C%2Fpath%3E%3C%2Fsvg%3E%20')\"\n\t\t\t>\n\t\t\tInstagram\t\t\t<\/a>\n\t\t<\/li>\n\t\t\t\t\t<li class=\"abao-social-network-list__item\">\n\t\t\t<a\n\t\t\t\thref   = \"https:\/\/www.facebook.com\/ABAOopera\"\n\t\t\t\ttarget = \"\"\n\t\t\t\ttitle  = \"Facebook\"\n\t\t\t\tclass  = \"abao-social-network-list__item-link\"\n\t\t\t\tstyle = \"--_icon:url('data:image\/svg+xml;utf8,%3C%3Fxml%20version%3D%221.0%22%20encoding%3D%22UTF-8%22%3F%3E%20%3Csvg%20xmlns%3D%22http%3A%2F%2Fwww.w3.org%2F2000%2Fsvg%22%20width%3D%2232%22%20height%3D%2232%22%20viewBox%3D%220%200%2032%2032%22%20fill%3D%22none%22%3E%3Cpath%20d%3D%22M16%200C24.8366%200%2032%207.16344%2032%2016C32%2024.8366%2024.8366%2032%2016%2032C7.16344%2032%200%2024.8366%200%2016C0%207.16344%207.16344%200%2016%200ZM17.9688%208C15.0821%208.00001%2014.0664%209.45519%2014.0664%2011.9023V13.7031H12.2666V16.7031H14.0664V25.4072H17.668V16.7031H20.0703L20.3887%2013.7031H17.668L17.6719%2012.2021C17.6719%2011.4198%2017.7464%2011%2018.8701%2011H20.3721V8H17.9688Z%22%20fill%3D%22%232C2C2C%22%3E%3C%2Fpath%3E%3C%2Fsvg%3E%20')\"\n\t\t\t>\n\t\t\tFacebook\t\t\t<\/a>\n\t\t<\/li>\n\t\t\t\t\t<li class=\"abao-social-network-list__item\">\n\t\t\t<a\n\t\t\t\thref   = \"http:\/\/youtube.com\/c\/ABAOBilbaoOpera?cbrd=1\"\n\t\t\t\ttarget = \"\"\n\t\t\t\ttitle  = \"YouTube\"\n\t\t\t\tclass  = \"abao-social-network-list__item-link\"\n\t\t\t\tstyle = \"--_icon:url('data:image\/svg+xml;utf8,%3C%3Fxml%20version%3D%221.0%22%20encoding%3D%22UTF-8%22%3F%3E%20%3Csvg%20xmlns%3D%22http%3A%2F%2Fwww.w3.org%2F2000%2Fsvg%22%20width%3D%2232%22%20height%3D%2232%22%20viewBox%3D%220%200%2032%2032%22%20fill%3D%22none%22%3E%3Cpath%20d%3D%22M16%200C24.8366%200%2032%207.16344%2032%2016C32%2024.8366%2024.8366%2032%2016%2032C7.16344%2032%200%2024.8366%200%2016C0%207.16344%207.16344%200%2016%200ZM16%2010.1338C15.9982%2010.1338%2010.6627%2010.1338%209.33203%2010.5C8.5978%2010.7016%208.01949%2011.2949%207.82324%2012.0488C7.46767%2013.4116%207.4668%2016.251%207.4668%2016.2666C7.4668%2016.2666%207.46672%2019.1177%207.82324%2020.4844C8.0195%2021.2384%208.5977%2021.8326%209.33203%2022.0342C10.6627%2022.4002%2015.9982%2022.4004%2016%2022.4004C16%2022.4004%2021.3372%2022.4003%2022.668%2022.0342C23.4023%2021.8325%2023.9805%2021.2383%2024.1768%2020.4844C24.5334%2019.1177%2024.5332%2016.2666%2024.5332%2016.2666C24.5332%2016.251%2024.5324%2013.4116%2024.1768%2012.0488C23.9805%2011.2949%2023.4022%2010.7016%2022.668%2010.5C21.3372%2010.1338%2016%2010.1338%2016%2010.1338ZM18.5%2016.5L14.5%2019V14L18.5%2016.5Z%22%20fill%3D%22%232C2C2C%22%3E%3C%2Fpath%3E%3C%2Fsvg%3E%20')\"\n\t\t\t>\n\t\t\tYouTube\t\t\t<\/a>\n\t\t<\/li>\n\t\t\t\t\t<\/ul>\n\n\t<\/div>\n<\/div>\n","protected":false},"excerpt":{"rendered":"","protected":false},"author":1,"featured_media":0,"parent":0,"menu_order":14,"comment_status":"closed","ping_status":"closed","template":"","meta":{"_acf_changed":false,"footnotes":""},"class_list":["post-3552","page","type-page","status-publish","hentry"],"acf":[],"yoast_head":"<!-- This site is optimized with the Yoast SEO plugin v27.5 - https:\/\/yoast.com\/product\/yoast-seo-wordpress\/ -->\n<title>Gazteam - ABAO-OLBE<\/title>\n<meta name=\"robots\" content=\"index, follow, max-snippet:-1, max-image-preview:large, max-video-preview:-1\" \/>\n<link rel=\"canonical\" href=\"https:\/\/www.abao.org\/eu\/gazteam\/\" \/>\n<meta property=\"og:locale\" content=\"eu_ES\" \/>\n<meta property=\"og:type\" content=\"article\" \/>\n<meta property=\"og:title\" content=\"Gazteam - ABAO-OLBE\" \/>\n<meta property=\"og:url\" content=\"https:\/\/www.abao.org\/eu\/gazteam\/\" \/>\n<meta property=\"og:site_name\" content=\"ABAO-OLBE\" \/>\n<meta property=\"article:modified_time\" content=\"2026-02-19T12:39:35+00:00\" \/>\n<meta name=\"twitter:card\" content=\"summary_large_image\" \/>\n<script type=\"application\/ld+json\" class=\"yoast-schema-graph\">{\"@context\":\"https:\\\/\\\/schema.org\",\"@graph\":[{\"@type\":\"WebPage\",\"@id\":\"https:\\\/\\\/www.abao.org\\\/eu\\\/gazteam\\\/\",\"url\":\"https:\\\/\\\/www.abao.org\\\/eu\\\/gazteam\\\/\",\"name\":\"Gazteam - ABAO-OLBE\",\"isPartOf\":{\"@id\":\"https:\\\/\\\/www.abao.org\\\/eu\\\/#website\"},\"datePublished\":\"2025-07-28T11:05:12+00:00\",\"dateModified\":\"2026-02-19T12:39:35+00:00\",\"breadcrumb\":{\"@id\":\"https:\\\/\\\/www.abao.org\\\/eu\\\/gazteam\\\/#breadcrumb\"},\"inLanguage\":\"eu\",\"potentialAction\":[{\"@type\":\"ReadAction\",\"target\":[\"https:\\\/\\\/www.abao.org\\\/eu\\\/gazteam\\\/\"]}]},{\"@type\":\"BreadcrumbList\",\"@id\":\"https:\\\/\\\/www.abao.org\\\/eu\\\/gazteam\\\/#breadcrumb\",\"itemListElement\":[{\"@type\":\"ListItem\",\"position\":1,\"name\":\"Portada\",\"item\":\"https:\\\/\\\/www.abao.org\\\/eu\\\/\"},{\"@type\":\"ListItem\",\"position\":2,\"name\":\"Gazteam\"}]},{\"@type\":\"WebSite\",\"@id\":\"https:\\\/\\\/www.abao.org\\\/eu\\\/#website\",\"url\":\"https:\\\/\\\/www.abao.org\\\/eu\\\/\",\"name\":\"ABAO-OLBE\",\"description\":\"\",\"publisher\":{\"@id\":\"https:\\\/\\\/www.abao.org\\\/eu\\\/#organization\"},\"potentialAction\":[{\"@type\":\"SearchAction\",\"target\":{\"@type\":\"EntryPoint\",\"urlTemplate\":\"https:\\\/\\\/www.abao.org\\\/eu\\\/?s={search_term_string}\"},\"query-input\":{\"@type\":\"PropertyValueSpecification\",\"valueRequired\":true,\"valueName\":\"search_term_string\"}}],\"inLanguage\":\"eu\"},{\"@type\":\"Organization\",\"@id\":\"https:\\\/\\\/www.abao.org\\\/eu\\\/#organization\",\"name\":\"ABAO-OLBE\",\"url\":\"https:\\\/\\\/www.abao.org\\\/eu\\\/\",\"logo\":{\"@type\":\"ImageObject\",\"inLanguage\":\"eu\",\"@id\":\"https:\\\/\\\/www.abao.org\\\/eu\\\/#\\\/schema\\\/logo\\\/image\\\/\",\"url\":\"https:\\\/\\\/www.abao.org\\\/wp-content\\\/uploads\\\/2025\\\/07\\\/abao-bilba-opera.svg\",\"contentUrl\":\"https:\\\/\\\/www.abao.org\\\/wp-content\\\/uploads\\\/2025\\\/07\\\/abao-bilba-opera.svg\",\"width\":260,\"height\":80,\"caption\":\"ABAO-OLBE\"},\"image\":{\"@id\":\"https:\\\/\\\/www.abao.org\\\/eu\\\/#\\\/schema\\\/logo\\\/image\\\/\"}}]}<\/script>\n<!-- \/ Yoast SEO plugin. -->","yoast_head_json":{"title":"Gazteam - ABAO-OLBE","robots":{"index":"index","follow":"follow","max-snippet":"max-snippet:-1","max-image-preview":"max-image-preview:large","max-video-preview":"max-video-preview:-1"},"canonical":"https:\/\/www.abao.org\/eu\/gazteam\/","og_locale":"eu_ES","og_type":"article","og_title":"Gazteam - ABAO-OLBE","og_url":"https:\/\/www.abao.org\/eu\/gazteam\/","og_site_name":"ABAO-OLBE","article_modified_time":"2026-02-19T12:39:35+00:00","twitter_card":"summary_large_image","schema":{"@context":"https:\/\/schema.org","@graph":[{"@type":"WebPage","@id":"https:\/\/www.abao.org\/eu\/gazteam\/","url":"https:\/\/www.abao.org\/eu\/gazteam\/","name":"Gazteam - ABAO-OLBE","isPartOf":{"@id":"https:\/\/www.abao.org\/eu\/#website"},"datePublished":"2025-07-28T11:05:12+00:00","dateModified":"2026-02-19T12:39:35+00:00","breadcrumb":{"@id":"https:\/\/www.abao.org\/eu\/gazteam\/#breadcrumb"},"inLanguage":"eu","potentialAction":[{"@type":"ReadAction","target":["https:\/\/www.abao.org\/eu\/gazteam\/"]}]},{"@type":"BreadcrumbList","@id":"https:\/\/www.abao.org\/eu\/gazteam\/#breadcrumb","itemListElement":[{"@type":"ListItem","position":1,"name":"Portada","item":"https:\/\/www.abao.org\/eu\/"},{"@type":"ListItem","position":2,"name":"Gazteam"}]},{"@type":"WebSite","@id":"https:\/\/www.abao.org\/eu\/#website","url":"https:\/\/www.abao.org\/eu\/","name":"ABAO-OLBE","description":"","publisher":{"@id":"https:\/\/www.abao.org\/eu\/#organization"},"potentialAction":[{"@type":"SearchAction","target":{"@type":"EntryPoint","urlTemplate":"https:\/\/www.abao.org\/eu\/?s={search_term_string}"},"query-input":{"@type":"PropertyValueSpecification","valueRequired":true,"valueName":"search_term_string"}}],"inLanguage":"eu"},{"@type":"Organization","@id":"https:\/\/www.abao.org\/eu\/#organization","name":"ABAO-OLBE","url":"https:\/\/www.abao.org\/eu\/","logo":{"@type":"ImageObject","inLanguage":"eu","@id":"https:\/\/www.abao.org\/eu\/#\/schema\/logo\/image\/","url":"https:\/\/www.abao.org\/wp-content\/uploads\/2025\/07\/abao-bilba-opera.svg","contentUrl":"https:\/\/www.abao.org\/wp-content\/uploads\/2025\/07\/abao-bilba-opera.svg","width":260,"height":80,"caption":"ABAO-OLBE"},"image":{"@id":"https:\/\/www.abao.org\/eu\/#\/schema\/logo\/image\/"}}]}},"_links":{"self":[{"href":"https:\/\/www.abao.org\/eu\/wp-json\/wp\/v2\/pages\/3552","targetHints":{"allow":["GET"]}}],"collection":[{"href":"https:\/\/www.abao.org\/eu\/wp-json\/wp\/v2\/pages"}],"about":[{"href":"https:\/\/www.abao.org\/eu\/wp-json\/wp\/v2\/types\/page"}],"author":[{"embeddable":true,"href":"https:\/\/www.abao.org\/eu\/wp-json\/wp\/v2\/users\/1"}],"replies":[{"embeddable":true,"href":"https:\/\/www.abao.org\/eu\/wp-json\/wp\/v2\/comments?post=3552"}],"version-history":[{"count":2,"href":"https:\/\/www.abao.org\/eu\/wp-json\/wp\/v2\/pages\/3552\/revisions"}],"predecessor-version":[{"id":5081,"href":"https:\/\/www.abao.org\/eu\/wp-json\/wp\/v2\/pages\/3552\/revisions\/5081"}],"wp:attachment":[{"href":"https:\/\/www.abao.org\/eu\/wp-json\/wp\/v2\/media?parent=3552"}],"curies":[{"name":"wp","href":"https:\/\/api.w.org\/{rel}","templated":true}]}}