{"id":3527,"date":"2025-08-02T02:00:36","date_gmt":"2025-08-02T00:00:36","guid":{"rendered":"https:\/\/www.abao.org\/eventos-corporativos\/"},"modified":"2026-01-15T16:46:12","modified_gmt":"2026-01-15T15:46:12","slug":"ekitaldi-korporatiboak","status":"publish","type":"page","link":"https:\/\/www.abao.org\/eu\/ekitaldi-korporatiboak\/","title":{"rendered":"Eventos corporativos"},"content":{"rendered":"\t<div\n\t\tclass=\"abao-page-heading abao-page-heading--regular-type align wp-block-abao-page-heading\" id=\"abao-page-heading-69fc9cd962037\"\t>\n\t\t<div class=\"abao-page-heading__inner\">\n\t\t\t\n\t\t\t<h1 class=\"abao-page-heading__heading\">Ekitaldi Korporatiboak<\/h1>\n\n\t\t\t\t\t\t\t<h2 class=\"abao-page-heading__subheading\">Una experiencia inolvidable<\/h2>\n\t\t\t\t\t<\/div>\n\t<\/div>\n\n\n<div\n\tstyle=\"padding-top:var(--wp--preset--spacing--custom-90);padding-bottom:var(--wp--preset--spacing--custom-50);\" class=\"abao-icon-text-list is-block-with-sidebar abao-icon-text-list--regular-type align wp-block-abao-icon-text-list\" id=\"abao-icon-text-list-69fc9cd9622a7\">\n\n\t<div class=\"abao-icon-text-list__inner is-block-inner\">\n\n\t\t<div class=\"abao-block__sidebar abao-block__sidebar--regular-width is-block-sidebar\"><h2 class=\"abao-block__sidebar-heading abao-block__sidebar-heading--regular-size\">Servicios adaptados a tus necesidades<\/h2><\/div>\n\t\t<div class=\"abao-icon-text-list__content is-block-content\">\n\t\t\t\n\t\t\t<ul class=\"abao-icon-text-list__list\">\n\t\t\t\t\t\t<li class=\"abao-icon-text-list__item\">\n\t\t\t\t<div class=\"abao-icon-text-list__item-media\">\n\t\t\t\t\t<img decoding=\"async\" width=\"128\" height=\"128\" src=\"https:\/\/www.abao.org\/wp-content\/uploads\/2025\/08\/cortinas.svg\" class=\"abao-icon-text-list__item-image\" alt=\"cortinas\" loading=\"lazy\" \/>\t\t\t\t<\/div>\n\t\t\t\t<div class=\"abao-icon-text-list__item-content\">\n\t\t\t\t\t<h3 class=\"abao-icon-text-list__item-heading\">\n\t\t\t\t\t\tAsistencia a la \u00f3pera\t\t\t\t\t<\/h3>\n\t\t\t\t\t\n\t\t\t\t\t\t\t\t\t<\/div>\n\t\t\t<\/li>\n\t\t\t\t\t\t\t<li class=\"abao-icon-text-list__item\">\n\t\t\t\t<div class=\"abao-icon-text-list__item-media\">\n\t\t\t\t\t<img decoding=\"async\" width=\"128\" height=\"128\" src=\"https:\/\/www.abao.org\/wp-content\/uploads\/2025\/08\/microfonos.svg\" class=\"abao-icon-text-list__item-image\" alt=\"microfonos\" loading=\"lazy\" \/>\t\t\t\t<\/div>\n\t\t\t\t<div class=\"abao-icon-text-list__item-content\">\n\t\t\t\t\t<h3 class=\"abao-icon-text-list__item-heading\">\n\t\t\t\t\t\tCharla ad hoc impartida por ABAO\t\t\t\t\t<\/h3>\n\t\t\t\t\t\n\t\t\t\t\t\t\t\t\t<\/div>\n\t\t\t<\/li>\n\t\t\t\t\t\t\t<li class=\"abao-icon-text-list__item\">\n\t\t\t\t<div class=\"abao-icon-text-list__item-media\">\n\t\t\t\t\t<img decoding=\"async\" width=\"128\" height=\"128\" src=\"https:\/\/www.abao.org\/wp-content\/uploads\/2025\/08\/puerta-opera.svg\" class=\"abao-icon-text-list__item-image\" alt=\"puerta-opera\" loading=\"lazy\" \/>\t\t\t\t<\/div>\n\t\t\t\t<div class=\"abao-icon-text-list__item-content\">\n\t\t\t\t\t<h3 class=\"abao-icon-text-list__item-heading\">\n\t\t\t\t\t\tVisita al escenario y al backstage\t\t\t\t\t<\/h3>\n\t\t\t\t\t\n\t\t\t\t\t\t\t\t\t<\/div>\n\t\t\t<\/li>\n\t\t\t\t\t\t\t<li class=\"abao-icon-text-list__item\">\n\t\t\t\t<div class=\"abao-icon-text-list__item-media\">\n\t\t\t\t\t<img decoding=\"async\" width=\"128\" height=\"128\" src=\"https:\/\/www.abao.org\/wp-content\/uploads\/2025\/08\/artistas.svg\" class=\"abao-icon-text-list__item-image\" alt=\"artistas\" loading=\"lazy\" \/>\t\t\t\t<\/div>\n\t\t\t\t<div class=\"abao-icon-text-list__item-content\">\n\t\t\t\t\t<h3 class=\"abao-icon-text-list__item-heading\">\n\t\t\t\t\t\tEncuentro con los artistas\t\t\t\t\t<\/h3>\n\t\t\t\t\t\n\t\t\t\t\t\t\t\t\t<\/div>\n\t\t\t<\/li>\n\t\t\t\t\t\t\t<\/ul>\n\t\t<\/div>\n\n\t<\/div>\n<\/div>\n\n\n<div\n\tstyle=\"padding-top:var(--wp--preset--spacing--custom-50);padding-bottom:var(--wp--preset--spacing--custom-50);\" class=\"abao-icon-text-list abao-icon-text-list--reduced-type align wp-block-abao-icon-text-list\" id=\"abao-icon-text-list-69fc9cd9649df\">\n\n\t<div class=\"abao-icon-text-list__inner is-block-inner\">\n\n\t\t\n\t\t<div class=\"abao-icon-text-list__content is-block-content\">\n\t\t\t\t\t\t<h2 class=\"abao-icon-text-list__heading\">\n\t\t\t\tCon tu elecci\u00f3n siempre incluimos:\t\t\t<\/h2>\n\t\t\t\t\n\t\t\t<ul class=\"abao-icon-text-list__list\">\n\t\t\t\t\t\t<li class=\"abao-icon-text-list__item\">\n\t\t\t\t<div class=\"abao-icon-text-list__item-media\">\n\t\t\t\t\t<img decoding=\"async\" width=\"56\" height=\"56\" src=\"https:\/\/www.abao.org\/wp-content\/uploads\/2025\/09\/estrella.svg\" class=\"abao-icon-text-list__item-image\" alt=\"estrella\" loading=\"lazy\" \/>\t\t\t\t<\/div>\n\t\t\t\t<div class=\"abao-icon-text-list__item-content\">\n\t\t\t\t\t<h3 class=\"abao-icon-text-list__item-heading\">\n\t\t\t\t\t\tAcceso privado\t\t\t\t\t<\/h3>\n\t\t\t\t\t\t\t\t\t\t<div class=\"abao-icon-text-list__item-text is-text\">\n\t\t\t\t\t\t<p>Entrada exclusiva para los miembros del evento.<\/p>\n\t\t\t\t\t<\/div>\n\t\t\t\t\t\t\n\t\t\t\t\t\t\t\t\t<\/div>\n\t\t\t<\/li>\n\t\t\t\t\t\t\t<li class=\"abao-icon-text-list__item\">\n\t\t\t\t<div class=\"abao-icon-text-list__item-media\">\n\t\t\t\t\t<img decoding=\"async\" width=\"57\" height=\"56\" src=\"https:\/\/www.abao.org\/wp-content\/uploads\/2025\/09\/recepcion.svg\" class=\"abao-icon-text-list__item-image\" alt=\"recepcion\" loading=\"lazy\" \/>\t\t\t\t<\/div>\n\t\t\t\t<div class=\"abao-icon-text-list__item-content\">\n\t\t\t\t\t<h3 class=\"abao-icon-text-list__item-heading\">\n\t\t\t\t\t\tWelcome desk\t\t\t\t\t<\/h3>\n\t\t\t\t\t\t\t\t\t\t<div class=\"abao-icon-text-list__item-text is-text\">\n\t\t\t\t\t\t<p>Mesa con bienvenida y atenci\u00f3n personalizada.<\/p>\n\t\t\t\t\t<\/div>\n\t\t\t\t\t\t\n\t\t\t\t\t\t\t\t\t<\/div>\n\t\t\t<\/li>\n\t\t\t\t\t\t\t<li class=\"abao-icon-text-list__item\">\n\t\t\t\t<div class=\"abao-icon-text-list__item-media\">\n\t\t\t\t\t<img decoding=\"async\" width=\"128\" height=\"128\" src=\"https:\/\/www.abao.org\/wp-content\/uploads\/2025\/08\/programa.svg\" class=\"abao-icon-text-list__item-image\" alt=\"programa\" loading=\"lazy\" \/>\t\t\t\t<\/div>\n\t\t\t\t<div class=\"abao-icon-text-list__item-content\">\n\t\t\t\t\t<h3 class=\"abao-icon-text-list__item-heading\">\n\t\t\t\t\t\tPrograma de mano\t\t\t\t\t<\/h3>\n\t\t\t\t\t\t\t\t\t\t<div class=\"abao-icon-text-list__item-text is-text\">\n\t\t\t\t\t\t<p>Entrega gratuita, libro con contenido de inter\u00e9s sobre la \u00f3pera.<\/p>\n\t\t\t\t\t<\/div>\n\t\t\t\t\t\t\n\t\t\t\t\t\t\t\t\t<\/div>\n\t\t\t<\/li>\n\t\t\t\t\t\t\t<li class=\"abao-icon-text-list__item\">\n\t\t\t\t<div class=\"abao-icon-text-list__item-media\">\n\t\t\t\t\t<img decoding=\"async\" width=\"128\" height=\"128\" src=\"https:\/\/www.abao.org\/wp-content\/uploads\/2025\/08\/butacas-preferentes.svg\" class=\"abao-icon-text-list__item-image\" alt=\"butacas-preferentes\" loading=\"lazy\" \/>\t\t\t\t<\/div>\n\t\t\t\t<div class=\"abao-icon-text-list__item-content\">\n\t\t\t\t\t<h3 class=\"abao-icon-text-list__item-heading\">\n\t\t\t\t\t\tEntradas preferentes\t\t\t\t\t<\/h3>\n\t\t\t\t\t\t\t\t\t\t<div class=\"abao-icon-text-list__item-text is-text\">\n\t\t\t\t\t\t<p>Disfruta de la \u00f3pera desde unas localidades excepcionales.<\/p>\n\t\t\t\t\t<\/div>\n\t\t\t\t\t\t\n\t\t\t\t\t\t\t\t\t<\/div>\n\t\t\t<\/li>\n\t\t\t\t\t\t\t<li class=\"abao-icon-text-list__item\">\n\t\t\t\t<div class=\"abao-icon-text-list__item-media\">\n\t\t\t\t\t<img decoding=\"async\" width=\"128\" height=\"128\" src=\"https:\/\/www.abao.org\/wp-content\/uploads\/2025\/08\/puerta-opera.svg\" class=\"abao-icon-text-list__item-image\" alt=\"puerta-opera\" loading=\"lazy\" \/>\t\t\t\t<\/div>\n\t\t\t\t<div class=\"abao-icon-text-list__item-content\">\n\t\t\t\t\t<h3 class=\"abao-icon-text-list__item-heading\">\n\t\t\t\t\t\tSala VIP privada\t\t\t\t\t<\/h3>\n\t\t\t\t\t\t\t\t\t\t<div class=\"abao-icon-text-list__item-text is-text\">\n\t\t\t\t\t\t<p>Acceso a sala exclusiva para los invitados al evento.<\/p>\n\t\t\t\t\t<\/div>\n\t\t\t\t\t\t\n\t\t\t\t\t\t\t\t\t<\/div>\n\t\t\t<\/li>\n\t\t\t\t\t\t\t<\/ul>\n\t\t<\/div>\n\n\t<\/div>\n<\/div>\n\n\n<div\n\tstyle=\"padding-top:var(--wp--preset--spacing--custom-50);padding-bottom:var(--wp--preset--spacing--custom-50);\" class=\"abao-icon-text-list abao-icon-text-list--reduced-type align wp-block-abao-icon-text-list\" id=\"abao-icon-text-list-69fc9cd9672ca\">\n\n\t<div class=\"abao-icon-text-list__inner is-block-inner\">\n\n\t\t\n\t\t<div class=\"abao-icon-text-list__content is-block-content\">\n\t\t\t\t\t\t<h2 class=\"abao-icon-text-list__heading\">\n\t\t\t\tY adem\u00e1s, podemos personalizar tu evento:\t\t\t<\/h2>\n\t\t\t\t\n\t\t\t<ul class=\"abao-icon-text-list__list\">\n\t\t\t\t\t\t<li class=\"abao-icon-text-list__item\">\n\t\t\t\t<div class=\"abao-icon-text-list__item-media\">\n\t\t\t\t\t<img decoding=\"async\" width=\"56\" height=\"56\" src=\"https:\/\/www.abao.org\/wp-content\/uploads\/2025\/09\/camara.svg\" class=\"abao-icon-text-list__item-image\" alt=\"camara\" loading=\"lazy\" \/>\t\t\t\t<\/div>\n\t\t\t\t<div class=\"abao-icon-text-list__item-content\">\n\t\t\t\t\t<h3 class=\"abao-icon-text-list__item-heading\">\n\t\t\t\t\t\tFotograf\u00eda\t\t\t\t\t<\/h3>\n\t\t\t\t\t\t\t\t\t\t<div class=\"abao-icon-text-list__item-text is-text\">\n\t\t\t\t\t\t<p>Ll\u00e9vate una instant\u00e1nea especial.<\/p>\n\t\t\t\t\t<\/div>\n\t\t\t\t\t\t\n\t\t\t\t\t\t\t\t\t<\/div>\n\t\t\t<\/li>\n\t\t\t\t\t\t\t<li class=\"abao-icon-text-list__item\">\n\t\t\t\t<div class=\"abao-icon-text-list__item-media\">\n\t\t\t\t\t<img decoding=\"async\" width=\"56\" height=\"56\" src=\"https:\/\/www.abao.org\/wp-content\/uploads\/2025\/09\/entrada.svg\" class=\"abao-icon-text-list__item-image\" alt=\"entrada\" loading=\"lazy\" \/>\t\t\t\t<\/div>\n\t\t\t\t<div class=\"abao-icon-text-list__item-content\">\n\t\t\t\t\t<h3 class=\"abao-icon-text-list__item-heading\">\n\t\t\t\t\t\tNaming entradas\t\t\t\t\t<\/h3>\n\t\t\t\t\t\t\t\t\t\t<div class=\"abao-icon-text-list__item-text is-text\">\n\t\t\t\t\t\t<p>Personaliza las entradas con el nombre de tu empresa.<\/p>\n\t\t\t\t\t<\/div>\n\t\t\t\t\t\t\n\t\t\t\t\t\t\t\t\t<\/div>\n\t\t\t<\/li>\n\t\t\t\t\t\t\t<li class=\"abao-icon-text-list__item\">\n\t\t\t\t<div class=\"abao-icon-text-list__item-media\">\n\t\t\t\t\t<img decoding=\"async\" width=\"57\" height=\"56\" src=\"https:\/\/www.abao.org\/wp-content\/uploads\/2025\/09\/pase-vip.svg\" class=\"abao-icon-text-list__item-image\" alt=\"pase-vip\" loading=\"lazy\" \/>\t\t\t\t<\/div>\n\t\t\t\t<div class=\"abao-icon-text-list__item-content\">\n\t\t\t\t\t<h3 class=\"abao-icon-text-list__item-heading\">\n\t\t\t\t\t\tLogotipo en\u2028pases VIP\t\t\t\t\t<\/h3>\n\t\t\t\t\t\t\t\t\t\t<div class=\"abao-icon-text-list__item-text is-text\">\n\t\t\t\t\t\t<p>Haz tus pases m\u00e1s exclusivos.<\/p>\n\t\t\t\t\t<\/div>\n\t\t\t\t\t\t\n\t\t\t\t\t\t\t\t\t<\/div>\n\t\t\t<\/li>\n\t\t\t\t\t\t\t<li class=\"abao-icon-text-list__item\">\n\t\t\t\t<div class=\"abao-icon-text-list__item-media\">\n\t\t\t\t\t<img decoding=\"async\" width=\"57\" height=\"56\" src=\"https:\/\/www.abao.org\/wp-content\/uploads\/2025\/09\/refuerzo-marca.svg\" class=\"abao-icon-text-list__item-image\" alt=\"refuerzo-marca\" loading=\"lazy\" \/>\t\t\t\t<\/div>\n\t\t\t\t<div class=\"abao-icon-text-list__item-content\">\n\t\t\t\t\t<h3 class=\"abao-icon-text-list__item-heading\">\n\t\t\t\t\t\tRefuerzo de marca\t\t\t\t\t<\/h3>\n\t\t\t\t\t\t\t\t\t\t<div class=\"abao-icon-text-list__item-text is-text\">\n\t\t\t\t\t\t<p>Organiza la sala como prefieras: roll-up, photocall, flyers, soportes digitales\u2026.<\/p>\n\t\t\t\t\t<\/div>\n\t\t\t\t\t\t\n\t\t\t\t\t\t\t\t\t<\/div>\n\t\t\t<\/li>\n\t\t\t\t\t\t\t<li class=\"abao-icon-text-list__item\">\n\t\t\t\t<div class=\"abao-icon-text-list__item-media\">\n\t\t\t\t\t<img decoding=\"async\" width=\"57\" height=\"56\" src=\"https:\/\/www.abao.org\/wp-content\/uploads\/2025\/09\/regalo.svg\" class=\"abao-icon-text-list__item-image\" alt=\"regalo\" loading=\"lazy\" \/>\t\t\t\t<\/div>\n\t\t\t\t<div class=\"abao-icon-text-list__item-content\">\n\t\t\t\t\t<h3 class=\"abao-icon-text-list__item-heading\">\n\t\t\t\t\t\tObsequio\t\t\t\t\t<\/h3>\n\t\t\t\t\t\t\t\t\t\t<div class=\"abao-icon-text-list__item-text is-text\">\n\t\t\t\t\t\t<p>Un peque\u00f1o detalle para el recuerdo.<\/p>\n\t\t\t\t\t<\/div>\n\t\t\t\t\t\t\n\t\t\t\t\t\t\t\t\t<\/div>\n\t\t\t<\/li>\n\t\t\t\t\t\t\t<\/ul>\n\t\t<\/div>\n\n\t<\/div>\n<\/div>\n\n\n<div\n\tstyle=\"padding-top:var(--wp--preset--spacing--custom-80);padding-bottom:var(--wp--preset--spacing--custom-80);\" class=\"abao-text is-block-with-sidebar abao-text--regular-font-size abao-text--regular-width abao-text--single-column align wp-block-abao-text has-background has-neutral-light-background-color\" id=\"abao-text-69fc9cd96a544\">\n\n\t<div class=\"abao-text__inner is-block-inner\">\n\n\t\t<div class=\"abao-block__sidebar abao-block__sidebar--regular-width is-block-sidebar\"><\/div>\n\t\t<div class=\"abao-text__content is-block-content\">\n\n\t\t\t\t\t\t<h3 class=\"abao-text__heading\">\u00bfQuieres sumar tu marca a nuestro proyecto?<\/h3>\n\t\t\t\t\n\t\t\t\t\t\t<div class=\"abao-text__text is-text\">\n\t\t\t\t<p>Estamos a tu disposici\u00f3n para dise\u00f1ar juntos la mejor forma de colaboraci\u00f3n.<\/p>\n\t\t\t<\/div>\n\t\t\t\t\n\t\t\t<div\n\tclass=\"abao-action-list abao-action-list--link-type align wp-block-abao-action-list\" id=\"abao-action-list-69fc9cd96b122\">\n\n\t<div class=\"abao-action-list__inner\">\n\n\t\t<div class=\"abao-action-list__list\">\n\t\t\t\t\t\t<div class=\"abao-action-list__item\">\n\t\t\t\t\t\t\t\t<a href=\"\/contacto\/\" target=\"\" class=\"abao-action-list__link nice-link nice-link--arrow\">\n\t\t\t\t\tContacta con nosotros\t\t\t\t<\/a>\n\t\t\t\t\t\t\t\t<\/div>\n\t\t\t\t\t\t<\/div>\n\t\t<\/div>\n\n<\/div>\n\t\t<\/div>\n\t<\/div>\n<\/div>\n\n","protected":false},"excerpt":{"rendered":"","protected":false},"author":1,"featured_media":0,"parent":0,"menu_order":12,"comment_status":"closed","ping_status":"closed","template":"","meta":{"_acf_changed":false,"footnotes":""},"class_list":["post-3527","page","type-page","status-publish","hentry"],"acf":[],"yoast_head":"<!-- This site is optimized with the Yoast SEO plugin v27.5 - https:\/\/yoast.com\/product\/yoast-seo-wordpress\/ -->\n<title>Ekitaldi Korporatiboak - ABAO-OLBE<\/title>\n<meta name=\"robots\" content=\"index, follow, max-snippet:-1, max-image-preview:large, max-video-preview:-1\" \/>\n<link rel=\"canonical\" href=\"https:\/\/www.abao.org\/eu\/ekitaldi-korporatiboak\/\" \/>\n<meta property=\"og:locale\" content=\"eu_ES\" \/>\n<meta property=\"og:type\" content=\"article\" \/>\n<meta property=\"og:title\" content=\"Ekitaldi Korporatiboak - ABAO-OLBE\" \/>\n<meta property=\"og:url\" content=\"https:\/\/www.abao.org\/eu\/ekitaldi-korporatiboak\/\" \/>\n<meta property=\"og:site_name\" content=\"ABAO-OLBE\" \/>\n<meta property=\"article:modified_time\" content=\"2026-01-15T15:46:12+00:00\" \/>\n<meta name=\"twitter:card\" content=\"summary_large_image\" \/>\n<meta name=\"twitter:label1\" content=\"Est. reading time\" \/>\n\t<meta name=\"twitter:data1\" content=\"1 minutua\" \/>\n<script type=\"application\/ld+json\" class=\"yoast-schema-graph\">{\"@context\":\"https:\\\/\\\/schema.org\",\"@graph\":[{\"@type\":\"WebPage\",\"@id\":\"https:\\\/\\\/www.abao.org\\\/eu\\\/ekitaldi-korporatiboak\\\/\",\"url\":\"https:\\\/\\\/www.abao.org\\\/eu\\\/ekitaldi-korporatiboak\\\/\",\"name\":\"Ekitaldi Korporatiboak - ABAO-OLBE\",\"isPartOf\":{\"@id\":\"https:\\\/\\\/www.abao.org\\\/eu\\\/#website\"},\"datePublished\":\"2025-08-02T00:00:36+00:00\",\"dateModified\":\"2026-01-15T15:46:12+00:00\",\"breadcrumb\":{\"@id\":\"https:\\\/\\\/www.abao.org\\\/eu\\\/ekitaldi-korporatiboak\\\/#breadcrumb\"},\"inLanguage\":\"eu\",\"potentialAction\":[{\"@type\":\"ReadAction\",\"target\":[\"https:\\\/\\\/www.abao.org\\\/eu\\\/ekitaldi-korporatiboak\\\/\"]}]},{\"@type\":\"BreadcrumbList\",\"@id\":\"https:\\\/\\\/www.abao.org\\\/eu\\\/ekitaldi-korporatiboak\\\/#breadcrumb\",\"itemListElement\":[{\"@type\":\"ListItem\",\"position\":1,\"name\":\"Portada\",\"item\":\"https:\\\/\\\/www.abao.org\\\/eu\\\/\"},{\"@type\":\"ListItem\",\"position\":2,\"name\":\"Eventos corporativos\"}]},{\"@type\":\"WebSite\",\"@id\":\"https:\\\/\\\/www.abao.org\\\/eu\\\/#website\",\"url\":\"https:\\\/\\\/www.abao.org\\\/eu\\\/\",\"name\":\"ABAO-OLBE\",\"description\":\"\",\"publisher\":{\"@id\":\"https:\\\/\\\/www.abao.org\\\/eu\\\/#organization\"},\"potentialAction\":[{\"@type\":\"SearchAction\",\"target\":{\"@type\":\"EntryPoint\",\"urlTemplate\":\"https:\\\/\\\/www.abao.org\\\/eu\\\/?s={search_term_string}\"},\"query-input\":{\"@type\":\"PropertyValueSpecification\",\"valueRequired\":true,\"valueName\":\"search_term_string\"}}],\"inLanguage\":\"eu\"},{\"@type\":\"Organization\",\"@id\":\"https:\\\/\\\/www.abao.org\\\/eu\\\/#organization\",\"name\":\"ABAO-OLBE\",\"url\":\"https:\\\/\\\/www.abao.org\\\/eu\\\/\",\"logo\":{\"@type\":\"ImageObject\",\"inLanguage\":\"eu\",\"@id\":\"https:\\\/\\\/www.abao.org\\\/eu\\\/#\\\/schema\\\/logo\\\/image\\\/\",\"url\":\"https:\\\/\\\/www.abao.org\\\/wp-content\\\/uploads\\\/2025\\\/07\\\/abao-bilba-opera.svg\",\"contentUrl\":\"https:\\\/\\\/www.abao.org\\\/wp-content\\\/uploads\\\/2025\\\/07\\\/abao-bilba-opera.svg\",\"width\":260,\"height\":80,\"caption\":\"ABAO-OLBE\"},\"image\":{\"@id\":\"https:\\\/\\\/www.abao.org\\\/eu\\\/#\\\/schema\\\/logo\\\/image\\\/\"}}]}<\/script>\n<!-- \/ Yoast SEO plugin. -->","yoast_head_json":{"title":"Ekitaldi Korporatiboak - ABAO-OLBE","robots":{"index":"index","follow":"follow","max-snippet":"max-snippet:-1","max-image-preview":"max-image-preview:large","max-video-preview":"max-video-preview:-1"},"canonical":"https:\/\/www.abao.org\/eu\/ekitaldi-korporatiboak\/","og_locale":"eu_ES","og_type":"article","og_title":"Ekitaldi Korporatiboak - ABAO-OLBE","og_url":"https:\/\/www.abao.org\/eu\/ekitaldi-korporatiboak\/","og_site_name":"ABAO-OLBE","article_modified_time":"2026-01-15T15:46:12+00:00","twitter_card":"summary_large_image","twitter_misc":{"Est. reading time":"1 minutua"},"schema":{"@context":"https:\/\/schema.org","@graph":[{"@type":"WebPage","@id":"https:\/\/www.abao.org\/eu\/ekitaldi-korporatiboak\/","url":"https:\/\/www.abao.org\/eu\/ekitaldi-korporatiboak\/","name":"Ekitaldi Korporatiboak - ABAO-OLBE","isPartOf":{"@id":"https:\/\/www.abao.org\/eu\/#website"},"datePublished":"2025-08-02T00:00:36+00:00","dateModified":"2026-01-15T15:46:12+00:00","breadcrumb":{"@id":"https:\/\/www.abao.org\/eu\/ekitaldi-korporatiboak\/#breadcrumb"},"inLanguage":"eu","potentialAction":[{"@type":"ReadAction","target":["https:\/\/www.abao.org\/eu\/ekitaldi-korporatiboak\/"]}]},{"@type":"BreadcrumbList","@id":"https:\/\/www.abao.org\/eu\/ekitaldi-korporatiboak\/#breadcrumb","itemListElement":[{"@type":"ListItem","position":1,"name":"Portada","item":"https:\/\/www.abao.org\/eu\/"},{"@type":"ListItem","position":2,"name":"Eventos corporativos"}]},{"@type":"WebSite","@id":"https:\/\/www.abao.org\/eu\/#website","url":"https:\/\/www.abao.org\/eu\/","name":"ABAO-OLBE","description":"","publisher":{"@id":"https:\/\/www.abao.org\/eu\/#organization"},"potentialAction":[{"@type":"SearchAction","target":{"@type":"EntryPoint","urlTemplate":"https:\/\/www.abao.org\/eu\/?s={search_term_string}"},"query-input":{"@type":"PropertyValueSpecification","valueRequired":true,"valueName":"search_term_string"}}],"inLanguage":"eu"},{"@type":"Organization","@id":"https:\/\/www.abao.org\/eu\/#organization","name":"ABAO-OLBE","url":"https:\/\/www.abao.org\/eu\/","logo":{"@type":"ImageObject","inLanguage":"eu","@id":"https:\/\/www.abao.org\/eu\/#\/schema\/logo\/image\/","url":"https:\/\/www.abao.org\/wp-content\/uploads\/2025\/07\/abao-bilba-opera.svg","contentUrl":"https:\/\/www.abao.org\/wp-content\/uploads\/2025\/07\/abao-bilba-opera.svg","width":260,"height":80,"caption":"ABAO-OLBE"},"image":{"@id":"https:\/\/www.abao.org\/eu\/#\/schema\/logo\/image\/"}}]}},"_links":{"self":[{"href":"https:\/\/www.abao.org\/eu\/wp-json\/wp\/v2\/pages\/3527","targetHints":{"allow":["GET"]}}],"collection":[{"href":"https:\/\/www.abao.org\/eu\/wp-json\/wp\/v2\/pages"}],"about":[{"href":"https:\/\/www.abao.org\/eu\/wp-json\/wp\/v2\/types\/page"}],"author":[{"embeddable":true,"href":"https:\/\/www.abao.org\/eu\/wp-json\/wp\/v2\/users\/1"}],"replies":[{"embeddable":true,"href":"https:\/\/www.abao.org\/eu\/wp-json\/wp\/v2\/comments?post=3527"}],"version-history":[{"count":2,"href":"https:\/\/www.abao.org\/eu\/wp-json\/wp\/v2\/pages\/3527\/revisions"}],"predecessor-version":[{"id":4107,"href":"https:\/\/www.abao.org\/eu\/wp-json\/wp\/v2\/pages\/3527\/revisions\/4107"}],"wp:attachment":[{"href":"https:\/\/www.abao.org\/eu\/wp-json\/wp\/v2\/media?parent=3527"}],"curies":[{"name":"wp","href":"https:\/\/api.w.org\/{rel}","templated":true}]}}