{"id":3384,"date":"2025-09-22T23:17:26","date_gmt":"2025-09-22T21:17:26","guid":{"rendered":"https:\/\/www.abao.org\/tutto-verdi\/publicaciones\/"},"modified":"2026-01-20T15:31:49","modified_gmt":"2026-01-20T14:31:49","slug":"argitalpenak","status":"publish","type":"page","link":"https:\/\/www.abao.org\/eu\/tutto-verdi\/argitalpenak\/","title":{"rendered":"Publicaciones"},"content":{"rendered":"\t<div\n\t\tstyle=\"--_background-image: url(https:\/\/www.abao.org\/wp-content\/uploads\/2025\/09\/tutto-verdi-hero.png);\" class=\"abao-page-heading wp-elements-d0a74a6e3a4ca3721357fe4c29bd2b89 abao-page-heading--has-background-image abao-page-heading--regular-type align wp-elements-d0a74a6e3a4ca3721357fe4c29bd2b89 wp-block-abao-page-heading has-text-color has-contrast-color\" id=\"abao-page-heading-69fc9d9069005\"\t>\n\t\t<div class=\"abao-page-heading__inner\">\n\t\t\t\n\t\t\t<h1 class=\"abao-page-heading__heading\">Tutto Verdi<\/h1>\n\n\t\t\t\t\t<\/div>\n\t<\/div>\n\n\n<div\n\tclass=\"abao-internal-navigation abao-internal-navigation--is-pages-type align wp-block-abao-internal-navigation\" id=\"abao-internal-navigation-69fc9d9075d5c\">\n\t<div class=\"abao-internal-navigation__inner\">\n\n\t\t<ul class=\"abao-internal-navigation__list\">\n\t\t\t\t\t\t<li class=\"abao-internal-navigation__item\">\n\t\t\t\t<a href=\"\/tutto-verdi\/\" class=\"abao-internal-navigation__item-link\" target=\"\">\n\t\t\t\t\tAurkezpena\t\t\t\t<\/a>\n\t\t\t<\/li>\n\t\t\t\t\t\t\t<li class=\"abao-internal-navigation__item\">\n\t\t\t\t<a href=\"\/eu\/tutto-verdi\/antzeztutako-operak\/\" class=\"abao-internal-navigation__item-link\" target=\"\">\n\t\t\t\t\tAntzeztutako operak\t\t\t\t<\/a>\n\t\t\t<\/li>\n\t\t\t\t\t\t\t<li class=\"abao-internal-navigation__item\">\n\t\t\t\t<a href=\"\/eu\/tutto-verdi\/verdi-asteak\/\" class=\"abao-internal-navigation__item-link\" target=\"\">\n\t\t\t\t\tVerdi Asteak\t\t\t\t<\/a>\n\t\t\t<\/li>\n\t\t\t\t\t\t\t<li class=\"abao-internal-navigation__item\">\n\t\t\t\t<a href=\"\/eu\/tutto-verdi\/argitalpenak\/\" class=\"abao-internal-navigation__item-link\" target=\"\">\n\t\t\t\t\tArgitalpenak\t\t\t\t<\/a>\n\t\t\t<\/li>\n\t\t\t\t\t\t\t<li class=\"abao-internal-navigation__item\">\n\t\t\t\t<a href=\"\/eu\/tutto-verdi\/tutto-verdi-sariak\/\" class=\"abao-internal-navigation__item-link\" target=\"\">\n\t\t\t\t\tTutto Verdi sariak\t\t\t\t<\/a>\n\t\t\t<\/li>\n\t\t\t\t\t\t\t<li class=\"abao-internal-navigation__item\">\n\t\t\t\t<a href=\"\/eu\/tutto-verdi\/kongresua\/\" class=\"abao-internal-navigation__item-link\" target=\"\">\n\t\t\t\t\tKongresua\t\t\t\t<\/a>\n\t\t\t<\/li>\n\t\t\t\t\t\t<\/ul>\n\n\t<\/div>\n<\/div>\n\n\n\n<div\n\tstyle=\"padding-top:var(--wp--preset--spacing--custom-70);padding-bottom:var(--wp--preset--spacing--custom-70);\" class=\"abao-text-list is-block-with-sidebar abao-text-list--rows-type align wp-block-abao-text-list\" id=\"abao-text-list-69fc9d906b55c\">\n\n\t<div class=\"abao-text-list__inner is-block-inner\">\n\n\t\t<div class=\"abao-block__sidebar abao-block__sidebar--regular-width is-block-sidebar\"><h2 class=\"abao-block__sidebar-heading abao-block__sidebar-heading--regular-size\">Liburuak<\/h2><\/div>\n\t\t<div class=\"abao-text-list__content is-block-content\">\n\t\t\t<div class=\"abao-text-list__list\">\n\t\t\t\t<div\n\tclass=\"abao-text abao-text--regular-font-size abao-text--regular-width abao-text--single-column align wp-block-abao-text\" id=\"abao-text-69fc9d906bf12\">\n\n\t<div class=\"abao-text__inner is-block-inner\">\n\n\t\t\n\t\t<div class=\"abao-text__content is-block-content\">\n\n\t\t\t\t\t\t<h3 class=\"abao-text__heading\">Vive Verdi<\/h3>\n\t\t\t\t\n\t\t\t\t\t\t<div class=\"abao-text__text is-text\">\n\t\t\t\t<p>Argitalpen-urtea: 2007. <\/p>\n<p>Egileak: Pierluigi Petrobelli, Santiago Salaverri, Javier Viar, Fernando Fraga.<\/p>\n\t\t\t<\/div>\n\t\t\t\t\n\t\t\t\t\t<\/div>\n\t<\/div>\n<\/div>\n<div\n\tclass=\"abao-text abao-text--regular-font-size abao-text--regular-width abao-text--single-column align wp-block-abao-text\" id=\"abao-text-69fc9d906c02f\">\n\n\t<div class=\"abao-text__inner is-block-inner\">\n\n\t\t\n\t\t<div class=\"abao-text__content is-block-content\">\n\n\t\t\t\t\t\t<h3 class=\"abao-text__heading\">Vive Verdi 2006<\/h3>\n\t\t\t\t\n\t\t\t\t\t\t<div class=\"abao-text__text is-text\">\n\t\t\t\t<p>Argitalpen-urtea: 2007. ISBN: 978-84-9830-110-6. <\/p>\n<p>Egileak: Javier Elzo, Juan Carlos Matellanes, Jon Paul Laka, Jos\u00e9 Antonio Campos, Gerard Mortier, Pierluigi Petrobelli, Federico Mayor Oreja, Carlos Castilla del Pino.<\/p>\n\t\t\t<\/div>\n\t\t\t\t\n\t\t\t\t\t<\/div>\n\t<\/div>\n<\/div>\n<div\n\tclass=\"abao-text abao-text--regular-font-size abao-text--regular-width abao-text--single-column align wp-block-abao-text\" id=\"abao-text-69fc9d906c1f0\">\n\n\t<div class=\"abao-text__inner is-block-inner\">\n\n\t\t\n\t\t<div class=\"abao-text__content is-block-content\">\n\n\t\t\t\t\t\t<h3 class=\"abao-text__heading\">\u00a1Salid! \u00a1Sombras serenas! El aspecto visual del espect\u00e1culo verdiano<\/h3>\n\t\t\t\t\n\t\t\t\t\t\t<div class=\"abao-text__text is-text\">\n\t\t\t\t<p>Argitalpen-urtea: 2006-2007. ISBN 88-85065-27-9. <\/p>\n<p>Egileak: Pierluigi Petrobelli, Marisa di Gregorio Casati, Olga Jesurum, Jolanda Nigro Covre, Emilio Sagi, Ignacio Garcia.<\/p>\n\t\t\t<\/div>\n\t\t\t\t\n\t\t\t\t\t<\/div>\n\t<\/div>\n<\/div>\n<div\n\tclass=\"abao-text abao-text--regular-font-size abao-text--regular-width abao-text--single-column align wp-block-abao-text\" id=\"abao-text-69fc9d906f48c\">\n\n\t<div class=\"abao-text__inner is-block-inner\">\n\n\t\t\n\t\t<div class=\"abao-text__content is-block-content\">\n\n\t\t\t\t\t\t<h3 class=\"abao-text__heading\">Por Amor a Verdi<\/h3>\n\t\t\t\t\n\t\t\t\t\t\t<div class=\"abao-text__text is-text\">\n\t\t\t\t<p>Argitalpen-urtea: 2008. ISBN: 88-7898-026-9. <\/p>\n<p>Egileak: Marco Marica, Olga Jesurum, Marisa di Gregorio Casati.<\/p>\n\t\t\t<\/div>\n\t\t\t\t\n\t\t\t\t\t<\/div>\n\t<\/div>\n<\/div>\n<div\n\tclass=\"abao-text abao-text--regular-font-size abao-text--regular-width abao-text--single-column align wp-block-abao-text\" id=\"abao-text-69fc9d906f642\">\n\n\t<div class=\"abao-text__inner is-block-inner\">\n\n\t\t\n\t\t<div class=\"abao-text__content is-block-content\">\n\n\t\t\t\t\t\t<h3 class=\"abao-text__heading\">Stride la Vampa<\/h3>\n\t\t\t\t\n\t\t\t\t\t\t<div class=\"abao-text__text is-text\">\n\t\t\t\t<p>Argitalpen-urtea: 2009. ISBN: 978-84-612-8374-3. <\/p>\n<p>Egileak: Manuel Montero, Juan Angel Vela del Campo, Jos\u00e9 Luis T\u00e9llez. Argazkiak: Mikel Alonso.<\/p>\n\t\t\t<\/div>\n\t\t\t\t\n\t\t\t\t\t<\/div>\n\t<\/div>\n<\/div>\n<div\n\tclass=\"abao-text abao-text--regular-font-size abao-text--regular-width abao-text--single-column align wp-block-abao-text\" id=\"abao-text-69fc9d906f6ff\">\n\n\t<div class=\"abao-text__inner is-block-inner\">\n\n\t\t\n\t\t<div class=\"abao-text__content is-block-content\">\n\n\t\t\t\t\t\t<h3 class=\"abao-text__heading\">Una lama de Bilbao<\/h3>\n\t\t\t\t\n\t\t\t\t\t\t<div class=\"abao-text__text is-text\">\n\t\t\t\t<p>Argitalpen-urtea: 2011. ISBN: 978-84-614-8576-5. <\/p>\n<p>Egileak: Mario Vargas Llosa, Manuel Montero, Mauricio Wiesenthal, Jos\u00e9 Luis T\u00e9llez, Juan Angel Vela del Campo, Ferr\u00e1n Adri\u00e1.<\/p>\n\t\t\t<\/div>\n\t\t\t\t\n\t\t\t\t\t<\/div>\n\t<\/div>\n<\/div>\n<div\n\tclass=\"abao-text abao-text--regular-font-size abao-text--regular-width abao-text--single-column align wp-block-abao-text\" id=\"abao-text-69fc9d906f837\">\n\n\t<div class=\"abao-text__inner is-block-inner\">\n\n\t\t\n\t\t<div class=\"abao-text__content is-block-content\">\n\n\t\t\t\t\t\t<h3 class=\"abao-text__heading\">Verdi, de pu\u00f1o y letra<\/h3>\n\t\t\t\t\n\t\t\t\t\t\t<div class=\"abao-text__text is-text\">\n\t\t\t\t<p>Argitalpen-urtea: 2013. ISBN: 978-84-616-4548-0. <\/p>\n<p>Egileak: Pierluigi Petrobelli, Juan Carlos Matellanes, Maria Mercedes Carrara Verdi, Dinko Fabris, Juan Angel Vela del Campo.<\/p>\n\t\t\t<\/div>\n\t\t\t\t\n\t\t\t\t\t<\/div>\n\t<\/div>\n<\/div>\n\t\t\t<\/div>\n\t\t<\/div>\n\n\t<\/div>\n<\/div>\n\n\n<div\n\tstyle=\"padding-top:var(--wp--preset--spacing--custom-70);padding-bottom:var(--wp--preset--spacing--custom-70);\" class=\"abao-text-list is-block-with-sidebar abao-text-list--rows-type align wp-block-abao-text-list\" id=\"abao-text-list-69fc9d906f9e1\">\n\n\t<div class=\"abao-text-list__inner is-block-inner\">\n\n\t\t<div class=\"abao-block__sidebar abao-block__sidebar--regular-width is-block-sidebar\"><h2 class=\"abao-block__sidebar-heading abao-block__sidebar-heading--regular-size\">CD eta DVD<\/h2><\/div>\n\t\t<div class=\"abao-text-list__content is-block-content\">\n\t\t\t<div class=\"abao-text-list__list\">\n\t\t\t\t<div\n\tclass=\"abao-text abao-text--regular-font-size abao-text--regular-width abao-text--single-column align wp-block-abao-text\" id=\"abao-text-69fc9d906fcc5\">\n\n\t<div class=\"abao-text__inner is-block-inner\">\n\n\t\t\n\t\t<div class=\"abao-text__content is-block-content\">\n\n\t\t\t\t\t\t<h3 class=\"abao-text__heading\">Vive Verdi CDa<\/h3>\n\t\t\t\t\n\t\t\t\t\t\t<div class=\"abao-text__text is-text\">\n\t\t\t\t<p>2006. 1956 eta 1981 artean Bilboko Coliseo Albian zuzenean egindako grabazioen hautaketa.<\/p>\n\t\t\t<\/div>\n\t\t\t\t\n\t\t\t\t\t<\/div>\n\t<\/div>\n<\/div>\n<div\n\tclass=\"abao-text abao-text--regular-font-size abao-text--regular-width abao-text--single-column align wp-block-abao-text\" id=\"abao-text-69fc9d906fdf3\">\n\n\t<div class=\"abao-text__inner is-block-inner\">\n\n\t\t\n\t\t<div class=\"abao-text__content is-block-content\">\n\n\t\t\t\t\t\t<h3 class=\"abao-text__heading\">Oberto Conte di San Bonifazio DVDa<\/h3>\n\t\t\t\t\n\t\t\t\t\t\t<div class=\"abao-text__text is-text\">\n\t\t\t\t<p>(G. Verdi). 2007. Musika-zuzendaria: Yves Abel. Eszena-zuzendaria: Ignacio Garc\u00eda. Bilboko Opera Korua. Asturiasko Printzerriko Orkestra Sinfonikoa. Artistak: Ildar Abdrazakov, Evelyn Herlitzius, Carlo Ventre, Marianne Cornetti, Nuria Lorenzo.<\/p>\n\t\t\t<\/div>\n\t\t\t\t\n\t\t\t\t\t<\/div>\n\t<\/div>\n<\/div>\n<div\n\tclass=\"abao-text abao-text--regular-font-size abao-text--regular-width abao-text--single-column align wp-block-abao-text\" id=\"abao-text-69fc9d906ff1f\">\n\n\t<div class=\"abao-text__inner is-block-inner\">\n\n\t\t\n\t\t<div class=\"abao-text__content is-block-content\">\n\n\t\t\t\t\t\t<h3 class=\"abao-text__heading\">Voces Verdianas CDa.<\/h3>\n\t\t\t\t\n\t\t\t\t\t\t<div class=\"abao-text__text is-text\">\n\t\t\t\t<p>2014. ABAOren VII. Verdi Asteko grabazio historikoen hautaketa, Miguel Ler\u00ednen sarrera narratiboarekin.<\/p>\n\t\t\t<\/div>\n\t\t\t\t\n\t\t\t\t\t<\/div>\n\t<\/div>\n<\/div>\n<div\n\tclass=\"abao-text abao-text--regular-font-size abao-text--regular-width abao-text--single-column align wp-block-abao-text\" id=\"abao-text-69fc9d9070072\">\n\n\t<div class=\"abao-text__inner is-block-inner\">\n\n\t\t\n\t\t<div class=\"abao-text__content is-block-content\">\n\n\t\t\t\t\t\t<h3 class=\"abao-text__heading\">Rigoletto DVDa (G. Verdi).<\/h3>\n\t\t\t\t\n\t\t\t\t\t\t<div class=\"abao-text__text is-text\">\n\t\t\t\t<p>2014. Musika-zuzendaria: Miguel \u00c1ngel G\u00f3mez Mart\u00ednez. Eszena-zuzendaria: Emilio Sagi. Koru-zuzendaritza: Boris Dujin. Bilboko Opera Korua. Bilbao Orkestra Sinfonikoa. Artistak: Leo Nucci, Elena Mosuc, Ismael Jordi, Felipe Bou, Maria Jos\u00e9 Montiel, Ainhoa Zubillaga, Kurt Gysen, Javier Gal\u00e1n, C\u00e9sar San Mart\u00edn, Eider Torrijos, Eduardo Ituarte, Susana Cerro. BBVA Fundazioaren babesletzarekin.<\/p>\n\t\t\t<\/div>\n\t\t\t\t\n\t\t\t\t\t<\/div>\n\t<\/div>\n<\/div>\n\t\t\t<\/div>\n\t\t<\/div>\n\n\t<\/div>\n<\/div>\n\n\n<div\n\tclass=\"abao-cta abao-cta--left-aligned-type align wp-block-abao-cta\" id=\"abao-cta-69fc9d90790e5\">\n\n\t<div class=\"abao-cta__inner\">\n\n\t\t\t\t<div class=\"abao-cta__media\">\n\t\t\t<img loading=\"lazy\" decoding=\"async\" width=\"1920\" height=\"773\" src=\"https:\/\/www.abao.org\/wp-content\/uploads\/2025\/07\/52256bead38c56da9ecc3d583e68cc0b9f0f3ce0.png\" class=\"abao-cta__image\" alt=\"Sala del teatro Euskalduna de Bilbao, sede de las funciones de \u00f3pera de ABAO\" srcset=\"https:\/\/www.abao.org\/wp-content\/uploads\/2025\/07\/52256bead38c56da9ecc3d583e68cc0b9f0f3ce0.png 1920w, https:\/\/www.abao.org\/wp-content\/uploads\/2025\/07\/52256bead38c56da9ecc3d583e68cc0b9f0f3ce0-768x309.png 768w\" sizes=\"auto, (max-width: 1920px) 100vw, 1920px\" \/>\t\t<\/div>\n\t\t\t\n\t\t<div class=\"abao-cta__content\">\n\t\t\t<h2 class=\"abao-cta__heading\">Lagundu ABAOORI<\/h2>\n\n\t\t\t\t\t\t<div class=\"abao-cta__text is-text\">\n\t\t\t\t<p>Parte hartu gure babes- eta mezenasgo-programetan, eta lotu zure enpresa gure balioekin.<\/p>\n\t\t\t<\/div>\n\t\t\t\t\n\t\t\t\t\t\t<div class=\"abao-cta__action-list is-action-list\">\n\t\t\t\t<div class=\"abao-cta__action-item is-action-item\">\n\t\t\t\t\t<a href=\"\/eu\/mezenak\/\" class=\"abao-cta__action-link is-action-link nice-button\" target=\"\">\n\t\t\t\t\t\tEzagutu gure programak\t\t\t\t\t<\/a>\n\t\t\t\t<\/div>\n\t\t\t<\/div>\n\t\t\t\t\t\t<\/div>\n\t<\/div>\n\n<\/div>\n\n","protected":false},"excerpt":{"rendered":"","protected":false},"author":1,"featured_media":0,"parent":3353,"menu_order":2,"comment_status":"closed","ping_status":"closed","template":"","meta":{"_acf_changed":false,"footnotes":""},"class_list":["post-3384","page","type-page","status-publish","hentry"],"acf":[],"yoast_head":"<!-- This site is optimized with the Yoast SEO plugin v27.5 - https:\/\/yoast.com\/product\/yoast-seo-wordpress\/ -->\n<title>Argitalpenak - ABAO-OLBE<\/title>\n<meta name=\"robots\" content=\"index, follow, max-snippet:-1, max-image-preview:large, max-video-preview:-1\" \/>\n<link rel=\"canonical\" href=\"https:\/\/www.abao.org\/eu\/tutto-verdi\/argitalpenak\/\" \/>\n<meta property=\"og:locale\" content=\"eu_ES\" \/>\n<meta property=\"og:type\" content=\"article\" \/>\n<meta property=\"og:title\" content=\"Argitalpenak - ABAO-OLBE\" \/>\n<meta property=\"og:url\" content=\"https:\/\/www.abao.org\/eu\/tutto-verdi\/argitalpenak\/\" \/>\n<meta property=\"og:site_name\" content=\"ABAO-OLBE\" \/>\n<meta property=\"article:modified_time\" content=\"2026-01-20T14:31:49+00:00\" \/>\n<meta name=\"twitter:card\" content=\"summary_large_image\" \/>\n<meta name=\"twitter:label1\" content=\"Est. reading time\" \/>\n\t<meta name=\"twitter:data1\" content=\"1 minutua\" \/>\n<script type=\"application\/ld+json\" class=\"yoast-schema-graph\">{\"@context\":\"https:\\\/\\\/schema.org\",\"@graph\":[{\"@type\":\"WebPage\",\"@id\":\"https:\\\/\\\/www.abao.org\\\/eu\\\/tutto-verdi\\\/argitalpenak\\\/\",\"url\":\"https:\\\/\\\/www.abao.org\\\/eu\\\/tutto-verdi\\\/argitalpenak\\\/\",\"name\":\"Argitalpenak - ABAO-OLBE\",\"isPartOf\":{\"@id\":\"https:\\\/\\\/www.abao.org\\\/eu\\\/#website\"},\"datePublished\":\"2025-09-22T21:17:26+00:00\",\"dateModified\":\"2026-01-20T14:31:49+00:00\",\"breadcrumb\":{\"@id\":\"https:\\\/\\\/www.abao.org\\\/eu\\\/tutto-verdi\\\/argitalpenak\\\/#breadcrumb\"},\"inLanguage\":\"eu\",\"potentialAction\":[{\"@type\":\"ReadAction\",\"target\":[\"https:\\\/\\\/www.abao.org\\\/eu\\\/tutto-verdi\\\/argitalpenak\\\/\"]}]},{\"@type\":\"BreadcrumbList\",\"@id\":\"https:\\\/\\\/www.abao.org\\\/eu\\\/tutto-verdi\\\/argitalpenak\\\/#breadcrumb\",\"itemListElement\":[{\"@type\":\"ListItem\",\"position\":1,\"name\":\"Portada\",\"item\":\"https:\\\/\\\/www.abao.org\\\/eu\\\/\"},{\"@type\":\"ListItem\",\"position\":2,\"name\":\"Tutto Verdi\",\"item\":\"https:\\\/\\\/www.abao.org\\\/eu\\\/tutto-verdi\\\/\"},{\"@type\":\"ListItem\",\"position\":3,\"name\":\"Publicaciones\"}]},{\"@type\":\"WebSite\",\"@id\":\"https:\\\/\\\/www.abao.org\\\/eu\\\/#website\",\"url\":\"https:\\\/\\\/www.abao.org\\\/eu\\\/\",\"name\":\"ABAO-OLBE\",\"description\":\"\",\"publisher\":{\"@id\":\"https:\\\/\\\/www.abao.org\\\/eu\\\/#organization\"},\"potentialAction\":[{\"@type\":\"SearchAction\",\"target\":{\"@type\":\"EntryPoint\",\"urlTemplate\":\"https:\\\/\\\/www.abao.org\\\/eu\\\/?s={search_term_string}\"},\"query-input\":{\"@type\":\"PropertyValueSpecification\",\"valueRequired\":true,\"valueName\":\"search_term_string\"}}],\"inLanguage\":\"eu\"},{\"@type\":\"Organization\",\"@id\":\"https:\\\/\\\/www.abao.org\\\/eu\\\/#organization\",\"name\":\"ABAO-OLBE\",\"url\":\"https:\\\/\\\/www.abao.org\\\/eu\\\/\",\"logo\":{\"@type\":\"ImageObject\",\"inLanguage\":\"eu\",\"@id\":\"https:\\\/\\\/www.abao.org\\\/eu\\\/#\\\/schema\\\/logo\\\/image\\\/\",\"url\":\"https:\\\/\\\/www.abao.org\\\/wp-content\\\/uploads\\\/2025\\\/07\\\/abao-bilba-opera.svg\",\"contentUrl\":\"https:\\\/\\\/www.abao.org\\\/wp-content\\\/uploads\\\/2025\\\/07\\\/abao-bilba-opera.svg\",\"width\":260,\"height\":80,\"caption\":\"ABAO-OLBE\"},\"image\":{\"@id\":\"https:\\\/\\\/www.abao.org\\\/eu\\\/#\\\/schema\\\/logo\\\/image\\\/\"}}]}<\/script>\n<!-- \/ Yoast SEO plugin. -->","yoast_head_json":{"title":"Argitalpenak - ABAO-OLBE","robots":{"index":"index","follow":"follow","max-snippet":"max-snippet:-1","max-image-preview":"max-image-preview:large","max-video-preview":"max-video-preview:-1"},"canonical":"https:\/\/www.abao.org\/eu\/tutto-verdi\/argitalpenak\/","og_locale":"eu_ES","og_type":"article","og_title":"Argitalpenak - ABAO-OLBE","og_url":"https:\/\/www.abao.org\/eu\/tutto-verdi\/argitalpenak\/","og_site_name":"ABAO-OLBE","article_modified_time":"2026-01-20T14:31:49+00:00","twitter_card":"summary_large_image","twitter_misc":{"Est. reading time":"1 minutua"},"schema":{"@context":"https:\/\/schema.org","@graph":[{"@type":"WebPage","@id":"https:\/\/www.abao.org\/eu\/tutto-verdi\/argitalpenak\/","url":"https:\/\/www.abao.org\/eu\/tutto-verdi\/argitalpenak\/","name":"Argitalpenak - ABAO-OLBE","isPartOf":{"@id":"https:\/\/www.abao.org\/eu\/#website"},"datePublished":"2025-09-22T21:17:26+00:00","dateModified":"2026-01-20T14:31:49+00:00","breadcrumb":{"@id":"https:\/\/www.abao.org\/eu\/tutto-verdi\/argitalpenak\/#breadcrumb"},"inLanguage":"eu","potentialAction":[{"@type":"ReadAction","target":["https:\/\/www.abao.org\/eu\/tutto-verdi\/argitalpenak\/"]}]},{"@type":"BreadcrumbList","@id":"https:\/\/www.abao.org\/eu\/tutto-verdi\/argitalpenak\/#breadcrumb","itemListElement":[{"@type":"ListItem","position":1,"name":"Portada","item":"https:\/\/www.abao.org\/eu\/"},{"@type":"ListItem","position":2,"name":"Tutto Verdi","item":"https:\/\/www.abao.org\/eu\/tutto-verdi\/"},{"@type":"ListItem","position":3,"name":"Publicaciones"}]},{"@type":"WebSite","@id":"https:\/\/www.abao.org\/eu\/#website","url":"https:\/\/www.abao.org\/eu\/","name":"ABAO-OLBE","description":"","publisher":{"@id":"https:\/\/www.abao.org\/eu\/#organization"},"potentialAction":[{"@type":"SearchAction","target":{"@type":"EntryPoint","urlTemplate":"https:\/\/www.abao.org\/eu\/?s={search_term_string}"},"query-input":{"@type":"PropertyValueSpecification","valueRequired":true,"valueName":"search_term_string"}}],"inLanguage":"eu"},{"@type":"Organization","@id":"https:\/\/www.abao.org\/eu\/#organization","name":"ABAO-OLBE","url":"https:\/\/www.abao.org\/eu\/","logo":{"@type":"ImageObject","inLanguage":"eu","@id":"https:\/\/www.abao.org\/eu\/#\/schema\/logo\/image\/","url":"https:\/\/www.abao.org\/wp-content\/uploads\/2025\/07\/abao-bilba-opera.svg","contentUrl":"https:\/\/www.abao.org\/wp-content\/uploads\/2025\/07\/abao-bilba-opera.svg","width":260,"height":80,"caption":"ABAO-OLBE"},"image":{"@id":"https:\/\/www.abao.org\/eu\/#\/schema\/logo\/image\/"}}]}},"_links":{"self":[{"href":"https:\/\/www.abao.org\/eu\/wp-json\/wp\/v2\/pages\/3384","targetHints":{"allow":["GET"]}}],"collection":[{"href":"https:\/\/www.abao.org\/eu\/wp-json\/wp\/v2\/pages"}],"about":[{"href":"https:\/\/www.abao.org\/eu\/wp-json\/wp\/v2\/types\/page"}],"author":[{"embeddable":true,"href":"https:\/\/www.abao.org\/eu\/wp-json\/wp\/v2\/users\/1"}],"replies":[{"embeddable":true,"href":"https:\/\/www.abao.org\/eu\/wp-json\/wp\/v2\/comments?post=3384"}],"version-history":[{"count":12,"href":"https:\/\/www.abao.org\/eu\/wp-json\/wp\/v2\/pages\/3384\/revisions"}],"predecessor-version":[{"id":4264,"href":"https:\/\/www.abao.org\/eu\/wp-json\/wp\/v2\/pages\/3384\/revisions\/4264"}],"up":[{"embeddable":true,"href":"https:\/\/www.abao.org\/eu\/wp-json\/wp\/v2\/pages\/3353"}],"wp:attachment":[{"href":"https:\/\/www.abao.org\/eu\/wp-json\/wp\/v2\/media?parent=3384"}],"curies":[{"name":"wp","href":"https:\/\/api.w.org\/{rel}","templated":true}]}}