{"id":3780,"date":"2025-07-15T18:03:35","date_gmt":"2025-07-15T16:03:35","guid":{"rendered":"https:\/\/www.abao.org\/politica-privacidad\/"},"modified":"2026-02-05T14:10:15","modified_gmt":"2026-02-05T13:10:15","slug":"privacy-policy","status":"publish","type":"page","link":"https:\/\/www.abao.org\/en\/privacy-policy\/","title":{"rendered":"Privacy policy"},"content":{"rendered":"<div\n\tclass=\"abao-text is-block-with-sidebar abao-text--regular-font-size abao-text--regular-width abao-text--single-column align wp-block-abao-text\" id=\"abao-text-69fc8f2b92566\">\n\n\t<div class=\"abao-text__inner is-block-inner\">\n\n\t\t<div class=\"abao-block__sidebar abao-block__sidebar--regular-width is-block-sidebar\"><\/div>\n\t\t<div class=\"abao-text__content is-block-content\">\n\n\t\t\t\t\t\t<h3 class=\"abao-text__heading\">Privacy policy<\/h3>\n\t\t\t\t\n\t\t\t\t\t\t<div class=\"abao-text__text is-text\">\n\t\t\t\t<p>Basic Information on Data Protection<\/p>\n<p>Data Controller<\/p>\n<p>ASOCIACI\u00d3N BILBA\u00cdNA DE AMIGOS DE LA \u00d3PERA (ABAO BILBAO OPERA)<\/p>\n<p>Purpose<\/p>\n<p>Management of ticket and subscription sales, management of ABAO BILBAO OPERA customers and users, and the sending of ABAO BILBAO OPERA\u2019s own commercial communications or those of its sponsors, as well as discounts, promotions, activities and surveys in accordance with the interests of the user-customer.<\/p>\n<p>Lawful Basis<\/p>\n<p>Performance of the contract in relation to ticket and subscription sales, and the data subject\u2019s consent with regard to commercial communications and surveys.<\/p>\n<p>Recipients<\/p>\n<p>Your data shall be processed by ABAO BILBAO OPERA, unless there is a legal obligation to do otherwise, and shall be disclosed to banks and financial institutions as part of the completion of ticket and subscription sales.<\/p>\n<p>Data Retention<\/p>\n<p>Data shall be retained until such time as any liabilities deriving from the purchase of tickets or subscriptions have been settled, or until you withdraw your consent with regard to the receipt of commercial communications and surveys.<\/p>\n<p>Rights<\/p>\n<p>You may withdraw your consent and exercise your rights of access, rectification and erasure, as well as other rights, as explained in the additional information. You also have the right to lodge a complaint with the Basque Data Protection Authority (https:\/\/www.avpd.eus\/inicio\/).<\/p>\n<p>Additional Information on Data Protection<\/p>\n<p>Who is responsible for processing your data?<\/p>\n<p>ASOCIACI\u00d3N BILBA\u00cdNA DE AMIGOS DE LA \u00d3PERA (ABAO BILBAO OPERA)<\/p>\n<p>Tax Identification Number: G-48110779<\/p>\n<p>Identity<\/p>\n<p>Registered in the General Register of Associations of the Basque Country on 17 December 1965 under registration number AS.R.P.B.00037<\/p>\n<p>Address: Jos\u00e9 Mar\u00eda Olabarri 2\u20134, 48001 Bilbao, Bizkaia<\/p>\n<p>Telephone: +34 944 355 100<\/p>\n<p>Email: abao@abao.org<\/p>\n<p>For what purpose do we process your data, and what is the lawful basis for such processing?<\/p>\n<p>Management of ticket and subscription sales, management of ABAO BILBAO OPERA customers and users, and the sending of ABAO BILBAO OPERA\u2019s own commercial communications or those of its sponsors, as well as discounts, promotions, activities and surveys in accordance with the interests of the user-customer.<\/p>\n<p>To whom do we disclose your data?<\/p>\n<p>Your data shall be processed by ABAO BILBAO OPERA, unless there is a legal obligation to do otherwise, and shall be disclosed to banks and financial institutions as part of the completion of ticket and subscription sales. Data may also be disclosed to service providers who access the data in their capacity as data processors and with whom the corresponding data processing agreement has been entered into.<\/p>\n<p>How long do we retain your personal data?<\/p>\n<p>The personal data you provide shall be retained for as long as there is a mutual interest in maintaining the purpose of the processing, or for as long as it is necessary to comply with legal obligations. In any case, data shall be retained until such time as any liabilities deriving from the purchase of tickets or subscriptions have been settled, or until you withdraw your consent in relation to commercial communications and surveys. Once the data is no longer required, it shall be deleted using appropriate security measures to ensure data anonymisation or complete destruction.<\/p>\n<p>What rights do you have when you provide us with your personal data?<\/p>\n<p>You have the right to withdraw your consent at any time; the right to request access to, rectification or erasure of your personal data; the right to restriction of or objection to processing; and the right to lodge a complaint with the Basque Data Protection Authority (https:\/\/www.avpd.eus\/inicio\/) if you consider that the processing does not comply with applicable legislation.<\/p>\n<p>Contact details to exercise your rights: abao@abao.org<\/p>\n<p>Social Media<\/p>\n<p>To interact with ABAO BILBAO OPERA on social media platforms, users must hold a profile on the relevant platform and accept the relationship with our official account. If so, ABAO BILBAO OPERA may access the user\u2019s profile in accordance with the parameters set by the social network concerned and may interact with the user through messages, publications, and participation in competitions and prize draws.<\/p>\n<p>If the user does not wish ABAO BILBAO OPERA to access their profile or to interact with them, they must disconnect from the profile by no longer following, unfriending or removing ABAO BILBAO OPERA as a friend, follower or user.<\/p>\n<p>Actions carried out by ABAO BILBAO OPERA may be informative and\/or promotional in nature with regard to its services or products, considering that social media platforms constitute an advertising medium. ABAO BILBAO OPERA shall be responsible for the publications and communications it issues through these online channels.<\/p>\n<p>Participation by users in competitions, promotions or prize draws implies acceptance of the legal terms and conditions governing such competitions, promotions or prize draws, which shall be published on the relevant social media platform at the appropriate time. By participating, users confirm that they have accepted such terms and conditions.<\/p>\n<p>Users are reminded that any content they publish on social media is their sole responsibility and must comply with applicable legislation and respect third-party rights that may be affected, with particular emphasis on intellectual property rights, data protection rights and rights relating to personal image, as well as the rules of the respective social media platforms, which are available at the following links:<\/p>\n<p>Facebook: <a href=\"https:\/\/www.facebook.com\/legal\/terms\">https:\/\/www.facebook.com\/legal\/terms<\/a><\/p>\n<p>Instagram: <a href=\"https:\/\/help.instagram.com\/\">https:\/\/help.instagram.com\/<\/a><\/p>\n<p>X: <a href=\"https:\/\/twitter.com\/en\/tos\">https:\/\/twitter.com\/en\/tos<\/a><\/p>\n<p>LinkedIn: <a href=\"https:\/\/www.linkedin.com\/legal\/user-agreement\">https:\/\/www.linkedin.com\/legal\/user-agreement<\/a><\/p>\n\t\t\t<\/div>\n\t\t\t\t\n\t\t\t\t\t<\/div>\n\t<\/div>\n<\/div>\n\n\n\n<p><\/p>\n","protected":false},"excerpt":{"rendered":"","protected":false},"author":1,"featured_media":0,"parent":0,"menu_order":29,"comment_status":"closed","ping_status":"closed","template":"","meta":{"_acf_changed":false,"footnotes":""},"class_list":["post-3780","page","type-page","status-publish","hentry"],"acf":[],"yoast_head":"<!-- This site is optimized with the Yoast SEO plugin v27.5 - https:\/\/yoast.com\/product\/yoast-seo-wordpress\/ -->\n<title>Privacy policy - ABAO-OLBE<\/title>\n<meta name=\"robots\" content=\"index, follow, max-snippet:-1, max-image-preview:large, max-video-preview:-1\" \/>\n<link rel=\"canonical\" href=\"https:\/\/www.abao.org\/en\/privacy-policy\/\" \/>\n<meta property=\"og:locale\" content=\"en_US\" \/>\n<meta property=\"og:type\" content=\"article\" \/>\n<meta property=\"og:title\" content=\"Privacy policy - ABAO-OLBE\" \/>\n<meta property=\"og:url\" content=\"https:\/\/www.abao.org\/en\/privacy-policy\/\" \/>\n<meta property=\"og:site_name\" content=\"ABAO-OLBE\" \/>\n<meta property=\"article:modified_time\" content=\"2026-02-05T13:10:15+00:00\" \/>\n<meta name=\"twitter:card\" content=\"summary_large_image\" \/>\n<script type=\"application\/ld+json\" class=\"yoast-schema-graph\">{\"@context\":\"https:\\\/\\\/schema.org\",\"@graph\":[{\"@type\":\"WebPage\",\"@id\":\"https:\\\/\\\/www.abao.org\\\/en\\\/privacy-policy\\\/\",\"url\":\"https:\\\/\\\/www.abao.org\\\/en\\\/privacy-policy\\\/\",\"name\":\"Privacy policy - ABAO-OLBE\",\"isPartOf\":{\"@id\":\"https:\\\/\\\/www.abao.org\\\/en\\\/#website\"},\"datePublished\":\"2025-07-15T16:03:35+00:00\",\"dateModified\":\"2026-02-05T13:10:15+00:00\",\"breadcrumb\":{\"@id\":\"https:\\\/\\\/www.abao.org\\\/en\\\/privacy-policy\\\/#breadcrumb\"},\"inLanguage\":\"en-US\",\"potentialAction\":[{\"@type\":\"ReadAction\",\"target\":[\"https:\\\/\\\/www.abao.org\\\/en\\\/privacy-policy\\\/\"]}]},{\"@type\":\"BreadcrumbList\",\"@id\":\"https:\\\/\\\/www.abao.org\\\/en\\\/privacy-policy\\\/#breadcrumb\",\"itemListElement\":[{\"@type\":\"ListItem\",\"position\":1,\"name\":\"Portada\",\"item\":\"https:\\\/\\\/www.abao.org\\\/en\\\/\"},{\"@type\":\"ListItem\",\"position\":2,\"name\":\"Privacy policy\"}]},{\"@type\":\"WebSite\",\"@id\":\"https:\\\/\\\/www.abao.org\\\/en\\\/#website\",\"url\":\"https:\\\/\\\/www.abao.org\\\/en\\\/\",\"name\":\"ABAO-OLBE\",\"description\":\"\",\"publisher\":{\"@id\":\"https:\\\/\\\/www.abao.org\\\/en\\\/#organization\"},\"potentialAction\":[{\"@type\":\"SearchAction\",\"target\":{\"@type\":\"EntryPoint\",\"urlTemplate\":\"https:\\\/\\\/www.abao.org\\\/en\\\/?s={search_term_string}\"},\"query-input\":{\"@type\":\"PropertyValueSpecification\",\"valueRequired\":true,\"valueName\":\"search_term_string\"}}],\"inLanguage\":\"en-US\"},{\"@type\":\"Organization\",\"@id\":\"https:\\\/\\\/www.abao.org\\\/en\\\/#organization\",\"name\":\"ABAO-OLBE\",\"url\":\"https:\\\/\\\/www.abao.org\\\/en\\\/\",\"logo\":{\"@type\":\"ImageObject\",\"inLanguage\":\"en-US\",\"@id\":\"https:\\\/\\\/www.abao.org\\\/en\\\/#\\\/schema\\\/logo\\\/image\\\/\",\"url\":\"https:\\\/\\\/www.abao.org\\\/wp-content\\\/uploads\\\/2025\\\/07\\\/abao-bilba-opera.svg\",\"contentUrl\":\"https:\\\/\\\/www.abao.org\\\/wp-content\\\/uploads\\\/2025\\\/07\\\/abao-bilba-opera.svg\",\"width\":260,\"height\":80,\"caption\":\"ABAO-OLBE\"},\"image\":{\"@id\":\"https:\\\/\\\/www.abao.org\\\/en\\\/#\\\/schema\\\/logo\\\/image\\\/\"}}]}<\/script>\n<!-- \/ Yoast SEO plugin. -->","yoast_head_json":{"title":"Privacy policy - ABAO-OLBE","robots":{"index":"index","follow":"follow","max-snippet":"max-snippet:-1","max-image-preview":"max-image-preview:large","max-video-preview":"max-video-preview:-1"},"canonical":"https:\/\/www.abao.org\/en\/privacy-policy\/","og_locale":"en_US","og_type":"article","og_title":"Privacy policy - ABAO-OLBE","og_url":"https:\/\/www.abao.org\/en\/privacy-policy\/","og_site_name":"ABAO-OLBE","article_modified_time":"2026-02-05T13:10:15+00:00","twitter_card":"summary_large_image","schema":{"@context":"https:\/\/schema.org","@graph":[{"@type":"WebPage","@id":"https:\/\/www.abao.org\/en\/privacy-policy\/","url":"https:\/\/www.abao.org\/en\/privacy-policy\/","name":"Privacy policy - ABAO-OLBE","isPartOf":{"@id":"https:\/\/www.abao.org\/en\/#website"},"datePublished":"2025-07-15T16:03:35+00:00","dateModified":"2026-02-05T13:10:15+00:00","breadcrumb":{"@id":"https:\/\/www.abao.org\/en\/privacy-policy\/#breadcrumb"},"inLanguage":"en-US","potentialAction":[{"@type":"ReadAction","target":["https:\/\/www.abao.org\/en\/privacy-policy\/"]}]},{"@type":"BreadcrumbList","@id":"https:\/\/www.abao.org\/en\/privacy-policy\/#breadcrumb","itemListElement":[{"@type":"ListItem","position":1,"name":"Portada","item":"https:\/\/www.abao.org\/en\/"},{"@type":"ListItem","position":2,"name":"Privacy policy"}]},{"@type":"WebSite","@id":"https:\/\/www.abao.org\/en\/#website","url":"https:\/\/www.abao.org\/en\/","name":"ABAO-OLBE","description":"","publisher":{"@id":"https:\/\/www.abao.org\/en\/#organization"},"potentialAction":[{"@type":"SearchAction","target":{"@type":"EntryPoint","urlTemplate":"https:\/\/www.abao.org\/en\/?s={search_term_string}"},"query-input":{"@type":"PropertyValueSpecification","valueRequired":true,"valueName":"search_term_string"}}],"inLanguage":"en-US"},{"@type":"Organization","@id":"https:\/\/www.abao.org\/en\/#organization","name":"ABAO-OLBE","url":"https:\/\/www.abao.org\/en\/","logo":{"@type":"ImageObject","inLanguage":"en-US","@id":"https:\/\/www.abao.org\/en\/#\/schema\/logo\/image\/","url":"https:\/\/www.abao.org\/wp-content\/uploads\/2025\/07\/abao-bilba-opera.svg","contentUrl":"https:\/\/www.abao.org\/wp-content\/uploads\/2025\/07\/abao-bilba-opera.svg","width":260,"height":80,"caption":"ABAO-OLBE"},"image":{"@id":"https:\/\/www.abao.org\/en\/#\/schema\/logo\/image\/"}}]}},"_links":{"self":[{"href":"https:\/\/www.abao.org\/en\/wp-json\/wp\/v2\/pages\/3780","targetHints":{"allow":["GET"]}}],"collection":[{"href":"https:\/\/www.abao.org\/en\/wp-json\/wp\/v2\/pages"}],"about":[{"href":"https:\/\/www.abao.org\/en\/wp-json\/wp\/v2\/types\/page"}],"author":[{"embeddable":true,"href":"https:\/\/www.abao.org\/en\/wp-json\/wp\/v2\/users\/1"}],"replies":[{"embeddable":true,"href":"https:\/\/www.abao.org\/en\/wp-json\/wp\/v2\/comments?post=3780"}],"version-history":[{"count":2,"href":"https:\/\/www.abao.org\/en\/wp-json\/wp\/v2\/pages\/3780\/revisions"}],"predecessor-version":[{"id":4500,"href":"https:\/\/www.abao.org\/en\/wp-json\/wp\/v2\/pages\/3780\/revisions\/4500"}],"wp:attachment":[{"href":"https:\/\/www.abao.org\/en\/wp-json\/wp\/v2\/media?parent=3780"}],"curies":[{"name":"wp","href":"https:\/\/api.w.org\/{rel}","templated":true}]}}