{"id":3760,"date":"2025-07-28T12:57:41","date_gmt":"2025-07-28T10:57:41","guid":{"rendered":"https:\/\/www.abao.org\/organos-de-gobierno\/"},"modified":"2026-01-12T17:56:51","modified_gmt":"2026-01-12T16:56:51","slug":"organos-de-gobierno","status":"publish","type":"page","link":"https:\/\/www.abao.org\/en\/organos-de-gobierno\/","title":{"rendered":"Governing bodies"},"content":{"rendered":"\t<div\n\t\tclass=\"abao-page-heading abao-page-heading--regular-type align wp-block-abao-page-heading\" id=\"abao-page-heading-69fc8e27d7e43\"\t>\n\t\t<div class=\"abao-page-heading__inner\">\n\t\t\t\n\t\t\t<h1 class=\"abao-page-heading__heading\">Governing bodies<\/h1>\n\n\t\t\t\t\t<\/div>\n\t<\/div>\n\n\n<div\n\tstyle=\"padding-top:var(--wp--preset--spacing--custom-70);padding-bottom:var(--wp--preset--spacing--custom-70);\" class=\"abao-government-team is-block-with-sidebar align wp-block-abao-government-team\" id=\"abao-government-team-69fc8e27d80c8\">\n\t<div class=\"abao-government-team__inner is-block-inner\">\n\n\t\t<div class=\"abao-block__sidebar abao-block__sidebar--regular-width is-block-sidebar\"><h2 class=\"abao-block__sidebar-heading abao-block__sidebar-heading--regular-size\">Governing board<\/h2><\/div>\n\t\t<div class=\"abao-government-team__content is-block-content\">\n\n\t\t\t<div class=\"abao-government-team__column-list\">\n\t\t\t\t\t\t\t\t<div class=\"abao-government-team__column-item\">\n\t\t\t\t\t\t\t\t\t\t<div class=\"abao-government-team__group-item\">\n\t\t\t\t\t\t<h3 class=\"abao-government-team__group-heading\">President<\/h3>\n\t\t\t\t\t\t<div class=\"abao-government-team__group-text is-text\"><p>D. Juan Carlos Matellanes Fariza<\/p>\n<\/div>\n\t\t\t\t\t<\/div>\n\t\t\t\t\t\t\t\t\t\t<div class=\"abao-government-team__group-item\">\n\t\t\t\t\t\t<h3 class=\"abao-government-team__group-heading\">Vice-president<\/h3>\n\t\t\t\t\t\t<div class=\"abao-government-team__group-text is-text\"><p>D. Javier Hernani Burzaco<\/p>\n<\/div>\n\t\t\t\t\t<\/div>\n\t\t\t\t\t\t\t\t\t\t<div class=\"abao-government-team__group-item\">\n\t\t\t\t\t\t<h3 class=\"abao-government-team__group-heading\">Secretary<\/h3>\n\t\t\t\t\t\t<div class=\"abao-government-team__group-text is-text\"><p>D. Guillermo Ib\u00e1\u00f1ez Calle<\/p>\n<\/div>\n\t\t\t\t\t<\/div>\n\t\t\t\t\t\t\t\t\t<\/div>\n\t\t\t\t\t\t\t\t\t<div class=\"abao-government-team__column-item\">\n\t\t\t\t\t\t\t\t\t\t<div class=\"abao-government-team__group-item\">\n\t\t\t\t\t\t<h3 class=\"abao-government-team__group-heading\">Treasurer<\/h3>\n\t\t\t\t\t\t<div class=\"abao-government-team__group-text is-text\"><p>D\u00f1a. Mar\u00eda Victoria Mendia Lasa<\/p>\n<\/div>\n\t\t\t\t\t<\/div>\n\t\t\t\t\t\t\t\t\t\t<div class=\"abao-government-team__group-item\">\n\t\t\t\t\t\t<h3 class=\"abao-government-team__group-heading\">Members<\/h3>\n\t\t\t\t\t\t<div class=\"abao-government-team__group-text is-text\"><p>D\u00f1a. Mar\u00eda \u00c1ngeles Mata Merino<br \/>\nD. Jos\u00e9 Mar\u00eda Bilbao Urquijo<br \/>\nD\u00f1a. Emilia Gal\u00e1n Fernandez<br \/>\nD. Daniel Solana Alonso<\/p>\n<\/div>\n\t\t\t\t\t<\/div>\n\t\t\t\t\t\t\t\t\t<\/div>\n\t\t\t\t\t\t\t\t<\/div>\n\t\t<\/div>\n\n\t<\/div>\n<\/div>\n\n\n<div\n\tstyle=\"padding-top:var(--wp--preset--spacing--custom-70);padding-bottom:var(--wp--preset--spacing--custom-70);\" class=\"abao-government-team is-block-with-sidebar align wp-block-abao-government-team\" id=\"abao-government-team-69fc8e27d87e6\">\n\t<div class=\"abao-government-team__inner is-block-inner\">\n\n\t\t<div class=\"abao-block__sidebar abao-block__sidebar--regular-width is-block-sidebar\"><h2 class=\"abao-block__sidebar-heading abao-block__sidebar-heading--regular-size\">Management team<\/h2><\/div>\n\t\t<div class=\"abao-government-team__content is-block-content\">\n\n\t\t\t<div class=\"abao-government-team__column-list\">\n\t\t\t\t\t\t\t\t<div class=\"abao-government-team__column-item\">\n\t\t\t\t\t\t\t\t\t\t<div class=\"abao-government-team__group-item\">\n\t\t\t\t\t\t<h3 class=\"abao-government-team__group-heading\">Managing director<\/h3>\n\t\t\t\t\t\t<div class=\"abao-government-team__group-text is-text\"><p>D\u00f1a. Mar\u00eda Luisa Molina Torija<\/p>\n<\/div>\n\t\t\t\t\t<\/div>\n\t\t\t\t\t\t\t\t\t<\/div>\n\t\t\t\t\t\t\t\t\t<div class=\"abao-government-team__column-item\">\n\t\t\t\t\t\t\t\t\t\t<div class=\"abao-government-team__group-item\">\n\t\t\t\t\t\t<h3 class=\"abao-government-team__group-heading\">Artistic and production manager<\/h3>\n\t\t\t\t\t\t<div class=\"abao-government-team__group-text is-text\"><p>D. Cesidio Ni\u00f1o Garc\u00eda<\/p>\n<\/div>\n\t\t\t\t\t<\/div>\n\t\t\t\t\t\t\t\t\t<\/div>\n\t\t\t\t\t\t\t\t<\/div>\n\t\t<\/div>\n\n\t<\/div>\n<\/div>\n\n\n<div\n\tstyle=\"padding-top:var(--wp--preset--spacing--custom-70);padding-bottom:var(--wp--preset--spacing--custom-70);\" class=\"abao-text is-block-with-sidebar abao-text--regular-font-size abao-text--regular-width abao-text--single-column align wp-block-abao-text\" id=\"abao-text-69fc8e27da982\">\n\n\t<div class=\"abao-text__inner is-block-inner\">\n\n\t\t<div class=\"abao-block__sidebar abao-block__sidebar--regular-width is-block-sidebar\"><h2 class=\"abao-block__sidebar-heading abao-block__sidebar-heading--regular-size\">Estatutos<\/h2><\/div>\n\t\t<div class=\"abao-text__content is-block-content\">\n\n\t\t\t\n\t\t\t\t\t\t<div class=\"abao-text__text is-text\">\n\t\t\t\t<p>The Association was established with the aim of promoting friendship and collaboration amongst those who wish to cooperate in the development and dissemination of lyric art, in general, and opera, in particular, stimulating and promoting, especially, the love of singing and the dissemination of music education.<\/p>\n<p><a class=\"nice-link nice-link--arrow\" href=\"https:\/\/www.abao.org\/public\/assets\/pdf\/ABAO_Estatutos_cast.pdf\">See online<\/a><br \/>\n<a class=\"nice-link nice-link--download\" href=\"https:\/\/www.abao.org\/wp-content\/uploads\/2025\/10\/ABAO_Estatutos_cast.pdf\">Download<\/a><\/p>\n\t\t\t<\/div>\n\t\t\t\t\n\t\t\t\t\t<\/div>\n\t<\/div>\n<\/div>\n\n\n<div\n\tstyle=\"padding-top:var(--wp--preset--spacing--custom-70);padding-bottom:var(--wp--preset--spacing--custom-70);\" class=\"abao-memories is-block-with-sidebar align wp-block-abao-memories\" id=\"abao-memories-69fc8e27dc540\">\n\n\t<div class=\"abao-memories__inner is-block-inner\">\n\n\t\t<div class=\"abao-block__sidebar abao-block__sidebar--regular-width is-block-sidebar\"><h2 class=\"abao-block__sidebar-heading abao-block__sidebar-heading--regular-size\">Memorias<\/h2><\/div>\n\t\t<div class=\"abao-memories__content is-block-content\">\n\n\t\t\t<div class=\"abao-memories__list\">\n\t\t\t\t\t\t\t\t<div class=\"abao-memories__item\">\n\t\t\t\t\t<h3 class=\"abao-memories__item-heading\">\n\t\t\t\t\t\tMemoria Anual 2013-2014\t\t\t\t\t<\/h3>\n\t\t\t\t\t<a\n\t\t\t\t\t\thref=\"https:\/\/www.abao.org\/wp-content\/uploads\/2025\/10\/MEMORIA_ABAO_2014_es.pdf\"\n\t\t\t\t\t\ttarget=\"\"\n\t\t\t\t\t\tclass=\"abao-memories__item-link nice-link nice-link--download\"\n\t\t\t\t\t\tdownload\n\t\t\t\t\t>\n\t\t\t\t\t\tDownload PDF\t\t\t\t\t<\/a>\n\n\t\t\t\t<\/div>\n\t\t\t\t\t\t\t\t\t<div class=\"abao-memories__item\">\n\t\t\t\t\t<h3 class=\"abao-memories__item-heading\">\n\t\t\t\t\t\tMemoria Anual 2014-2015\t\t\t\t\t<\/h3>\n\t\t\t\t\t<a\n\t\t\t\t\t\thref=\"https:\/\/www.abao.org\/wp-content\/uploads\/2025\/10\/MEMORIA_ABAO_2015_es.pdf\"\n\t\t\t\t\t\ttarget=\"\"\n\t\t\t\t\t\tclass=\"abao-memories__item-link nice-link nice-link--download\"\n\t\t\t\t\t\tdownload\n\t\t\t\t\t>\n\t\t\t\t\t\tDownload PDF\t\t\t\t\t<\/a>\n\n\t\t\t\t<\/div>\n\t\t\t\t\t\t\t\t\t<div class=\"abao-memories__item\">\n\t\t\t\t\t<h3 class=\"abao-memories__item-heading\">\n\t\t\t\t\t\tMemoria Anual 2015-2016\t\t\t\t\t<\/h3>\n\t\t\t\t\t<a\n\t\t\t\t\t\thref=\"https:\/\/www.abao.org\/wp-content\/uploads\/2025\/10\/MEMORIA_ABAO_2016_es.pdf\"\n\t\t\t\t\t\ttarget=\"\"\n\t\t\t\t\t\tclass=\"abao-memories__item-link nice-link nice-link--download\"\n\t\t\t\t\t\tdownload\n\t\t\t\t\t>\n\t\t\t\t\t\tDownload PDF\t\t\t\t\t<\/a>\n\n\t\t\t\t<\/div>\n\t\t\t\t\t\t\t\t\t<div class=\"abao-memories__item\">\n\t\t\t\t\t<h3 class=\"abao-memories__item-heading\">\n\t\t\t\t\t\tMemoria Anual 2016-2017\t\t\t\t\t<\/h3>\n\t\t\t\t\t<a\n\t\t\t\t\t\thref=\"https:\/\/www.abao.org\/wp-content\/uploads\/2025\/10\/MEMORIA_ABAO_2017_es.pdf\"\n\t\t\t\t\t\ttarget=\"\"\n\t\t\t\t\t\tclass=\"abao-memories__item-link nice-link nice-link--download\"\n\t\t\t\t\t\tdownload\n\t\t\t\t\t>\n\t\t\t\t\t\tDownload PDF\t\t\t\t\t<\/a>\n\n\t\t\t\t<\/div>\n\t\t\t\t\t\t\t\t\t<div class=\"abao-memories__item\">\n\t\t\t\t\t<h3 class=\"abao-memories__item-heading\">\n\t\t\t\t\t\tMemoria Anual 2017-2018\t\t\t\t\t<\/h3>\n\t\t\t\t\t<a\n\t\t\t\t\t\thref=\"https:\/\/www.abao.org\/wp-content\/uploads\/2025\/10\/MEMORIA_ABAO_2018_es.pdf\"\n\t\t\t\t\t\ttarget=\"\"\n\t\t\t\t\t\tclass=\"abao-memories__item-link nice-link nice-link--download\"\n\t\t\t\t\t\tdownload\n\t\t\t\t\t>\n\t\t\t\t\t\tDownload PDF\t\t\t\t\t<\/a>\n\n\t\t\t\t<\/div>\n\t\t\t\t\t\t\t\t\t<div class=\"abao-memories__item\">\n\t\t\t\t\t<h3 class=\"abao-memories__item-heading\">\n\t\t\t\t\t\tMemoria Anual 2018-2019\t\t\t\t\t<\/h3>\n\t\t\t\t\t<a\n\t\t\t\t\t\thref=\"https:\/\/www.abao.org\/wp-content\/uploads\/2025\/10\/MEMORIA_ABAO_2019_es.pdf\"\n\t\t\t\t\t\ttarget=\"\"\n\t\t\t\t\t\tclass=\"abao-memories__item-link nice-link nice-link--download\"\n\t\t\t\t\t\tdownload\n\t\t\t\t\t>\n\t\t\t\t\t\tDownload PDF\t\t\t\t\t<\/a>\n\n\t\t\t\t<\/div>\n\t\t\t\t\t\t\t\t\t<div class=\"abao-memories__item\">\n\t\t\t\t\t<h3 class=\"abao-memories__item-heading\">\n\t\t\t\t\t\tMemoria Anual 2019-2020\t\t\t\t\t<\/h3>\n\t\t\t\t\t<a\n\t\t\t\t\t\thref=\"https:\/\/www.abao.org\/wp-content\/uploads\/2025\/10\/MEMORIA_ABAO_2020_es.pdf\"\n\t\t\t\t\t\ttarget=\"\"\n\t\t\t\t\t\tclass=\"abao-memories__item-link nice-link nice-link--download\"\n\t\t\t\t\t\tdownload\n\t\t\t\t\t>\n\t\t\t\t\t\tDownload PDF\t\t\t\t\t<\/a>\n\n\t\t\t\t<\/div>\n\t\t\t\t\t\t\t\t\t<div class=\"abao-memories__item\">\n\t\t\t\t\t<h3 class=\"abao-memories__item-heading\">\n\t\t\t\t\t\tMemoria Anual 2020-2021\t\t\t\t\t<\/h3>\n\t\t\t\t\t<a\n\t\t\t\t\t\thref=\"https:\/\/www.abao.org\/wp-content\/uploads\/2025\/10\/MEMORIA_ABAO_2021_es.pdf\"\n\t\t\t\t\t\ttarget=\"\"\n\t\t\t\t\t\tclass=\"abao-memories__item-link nice-link nice-link--download\"\n\t\t\t\t\t\tdownload\n\t\t\t\t\t>\n\t\t\t\t\t\tDownload PDF\t\t\t\t\t<\/a>\n\n\t\t\t\t<\/div>\n\t\t\t\t\t\t\t\t\t<div class=\"abao-memories__item\">\n\t\t\t\t\t<h3 class=\"abao-memories__item-heading\">\n\t\t\t\t\t\tMemoria Anual 2021-2022\t\t\t\t\t<\/h3>\n\t\t\t\t\t<a\n\t\t\t\t\t\thref=\"https:\/\/www.abao.org\/wp-content\/uploads\/2025\/10\/MEMORIA_ABAO_T70_2022.pdf\"\n\t\t\t\t\t\ttarget=\"\"\n\t\t\t\t\t\tclass=\"abao-memories__item-link nice-link nice-link--download\"\n\t\t\t\t\t\tdownload\n\t\t\t\t\t>\n\t\t\t\t\t\tDownload PDF\t\t\t\t\t<\/a>\n\n\t\t\t\t<\/div>\n\t\t\t\t\t\t\t\t\t<div class=\"abao-memories__item\">\n\t\t\t\t\t<h3 class=\"abao-memories__item-heading\">\n\t\t\t\t\t\tMemoria Anual 2022-2023\t\t\t\t\t<\/h3>\n\t\t\t\t\t<a\n\t\t\t\t\t\thref=\"https:\/\/www.abao.org\/wp-content\/uploads\/2025\/10\/MEMORIA_ABAO_T71_2023.pdf\"\n\t\t\t\t\t\ttarget=\"\"\n\t\t\t\t\t\tclass=\"abao-memories__item-link nice-link nice-link--download\"\n\t\t\t\t\t\tdownload\n\t\t\t\t\t>\n\t\t\t\t\t\tDownload PDF\t\t\t\t\t<\/a>\n\n\t\t\t\t<\/div>\n\t\t\t\t\t\t\t\t\t<div class=\"abao-memories__item\">\n\t\t\t\t\t<h3 class=\"abao-memories__item-heading\">\n\t\t\t\t\t\tMemoria Anual 2023-2024\t\t\t\t\t<\/h3>\n\t\t\t\t\t<a\n\t\t\t\t\t\thref=\"https:\/\/www.abao.org\/wp-content\/uploads\/2025\/10\/MEMORIA_T72_CAS_2024.pdf\"\n\t\t\t\t\t\ttarget=\"\"\n\t\t\t\t\t\tclass=\"abao-memories__item-link nice-link nice-link--download\"\n\t\t\t\t\t\tdownload\n\t\t\t\t\t>\n\t\t\t\t\t\tDownload PDF\t\t\t\t\t<\/a>\n\n\t\t\t\t<\/div>\n\t\t\t\t\t\t\t\t<\/div>\n\n\t\t<\/div>\n\n\t<\/div>\n\n<\/div>\n\n\n<div\n\tclass=\"abao-cta abao-cta--left-aligned-type align wp-block-abao-cta\" id=\"abao-cta-69fc8e27de11b\">\n\n\t<div class=\"abao-cta__inner\">\n\n\t\t\t\t<div class=\"abao-cta__media\">\n\t\t\t<img loading=\"lazy\" decoding=\"async\" width=\"1920\" height=\"773\" src=\"https:\/\/www.abao.org\/wp-content\/uploads\/2025\/07\/52256bead38c56da9ecc3d583e68cc0b9f0f3ce0.png\" class=\"abao-cta__image\" alt=\"Sala del teatro Euskalduna de Bilbao, sede de las funciones de \u00f3pera de ABAO\" srcset=\"https:\/\/www.abao.org\/wp-content\/uploads\/2025\/07\/52256bead38c56da9ecc3d583e68cc0b9f0f3ce0.png 1920w, https:\/\/www.abao.org\/wp-content\/uploads\/2025\/07\/52256bead38c56da9ecc3d583e68cc0b9f0f3ce0-768x309.png 768w\" sizes=\"auto, (max-width: 1920px) 100vw, 1920px\" \/>\t\t<\/div>\n\t\t\t\n\t\t<div class=\"abao-cta__content\">\n\t\t\t<h2 class=\"abao-cta__heading\">Support ABAO<\/h2>\n\n\t\t\t\t\t\t<div class=\"abao-cta__text is-text\">\n\t\t\t\t<p>Take part in our Sponsorship and Patronage programmes and align your company with our values.<\/p>\n\t\t\t<\/div>\n\t\t\t\t\n\t\t\t\t\t\t<div class=\"abao-cta__action-list is-action-list\">\n\t\t\t\t<div class=\"abao-cta__action-item is-action-item\">\n\t\t\t\t\t<a href=\"\/en\/patronage\/\" class=\"abao-cta__action-link is-action-link nice-button\" target=\"\">\n\t\t\t\t\t\tDiscover our patronage programmes\t\t\t\t\t<\/a>\n\t\t\t\t<\/div>\n\t\t\t<\/div>\n\t\t\t\t\t\t<\/div>\n\t<\/div>\n\n<\/div>\n\n\n\n\n<p><\/p>\n","protected":false},"excerpt":{"rendered":"","protected":false},"author":1,"featured_media":0,"parent":0,"menu_order":27,"comment_status":"closed","ping_status":"closed","template":"","meta":{"_acf_changed":false,"footnotes":""},"class_list":["post-3760","page","type-page","status-publish","hentry"],"acf":[],"yoast_head":"<!-- This site is optimized with the Yoast SEO plugin v27.5 - https:\/\/yoast.com\/product\/yoast-seo-wordpress\/ -->\n<title>Governing bodies - ABAO-OLBE<\/title>\n<meta name=\"robots\" content=\"index, follow, max-snippet:-1, max-image-preview:large, max-video-preview:-1\" \/>\n<link rel=\"canonical\" href=\"https:\/\/www.abao.org\/en\/organos-de-gobierno\/\" \/>\n<meta property=\"og:locale\" content=\"en_US\" \/>\n<meta property=\"og:type\" content=\"article\" \/>\n<meta property=\"og:title\" content=\"Governing bodies - ABAO-OLBE\" \/>\n<meta property=\"og:url\" content=\"https:\/\/www.abao.org\/en\/organos-de-gobierno\/\" \/>\n<meta property=\"og:site_name\" content=\"ABAO-OLBE\" \/>\n<meta property=\"article:modified_time\" content=\"2026-01-12T16:56:51+00:00\" \/>\n<meta name=\"twitter:card\" content=\"summary_large_image\" \/>\n<meta name=\"twitter:label1\" content=\"Est. reading time\" \/>\n\t<meta name=\"twitter:data1\" content=\"1 minute\" \/>\n<script type=\"application\/ld+json\" class=\"yoast-schema-graph\">{\"@context\":\"https:\\\/\\\/schema.org\",\"@graph\":[{\"@type\":\"WebPage\",\"@id\":\"https:\\\/\\\/www.abao.org\\\/en\\\/organos-de-gobierno\\\/\",\"url\":\"https:\\\/\\\/www.abao.org\\\/en\\\/organos-de-gobierno\\\/\",\"name\":\"Governing bodies - ABAO-OLBE\",\"isPartOf\":{\"@id\":\"https:\\\/\\\/www.abao.org\\\/en\\\/#website\"},\"datePublished\":\"2025-07-28T10:57:41+00:00\",\"dateModified\":\"2026-01-12T16:56:51+00:00\",\"breadcrumb\":{\"@id\":\"https:\\\/\\\/www.abao.org\\\/en\\\/organos-de-gobierno\\\/#breadcrumb\"},\"inLanguage\":\"en-US\",\"potentialAction\":[{\"@type\":\"ReadAction\",\"target\":[\"https:\\\/\\\/www.abao.org\\\/en\\\/organos-de-gobierno\\\/\"]}]},{\"@type\":\"BreadcrumbList\",\"@id\":\"https:\\\/\\\/www.abao.org\\\/en\\\/organos-de-gobierno\\\/#breadcrumb\",\"itemListElement\":[{\"@type\":\"ListItem\",\"position\":1,\"name\":\"Portada\",\"item\":\"https:\\\/\\\/www.abao.org\\\/en\\\/\"},{\"@type\":\"ListItem\",\"position\":2,\"name\":\"Governing bodies\"}]},{\"@type\":\"WebSite\",\"@id\":\"https:\\\/\\\/www.abao.org\\\/en\\\/#website\",\"url\":\"https:\\\/\\\/www.abao.org\\\/en\\\/\",\"name\":\"ABAO-OLBE\",\"description\":\"\",\"publisher\":{\"@id\":\"https:\\\/\\\/www.abao.org\\\/en\\\/#organization\"},\"potentialAction\":[{\"@type\":\"SearchAction\",\"target\":{\"@type\":\"EntryPoint\",\"urlTemplate\":\"https:\\\/\\\/www.abao.org\\\/en\\\/?s={search_term_string}\"},\"query-input\":{\"@type\":\"PropertyValueSpecification\",\"valueRequired\":true,\"valueName\":\"search_term_string\"}}],\"inLanguage\":\"en-US\"},{\"@type\":\"Organization\",\"@id\":\"https:\\\/\\\/www.abao.org\\\/en\\\/#organization\",\"name\":\"ABAO-OLBE\",\"url\":\"https:\\\/\\\/www.abao.org\\\/en\\\/\",\"logo\":{\"@type\":\"ImageObject\",\"inLanguage\":\"en-US\",\"@id\":\"https:\\\/\\\/www.abao.org\\\/en\\\/#\\\/schema\\\/logo\\\/image\\\/\",\"url\":\"https:\\\/\\\/www.abao.org\\\/wp-content\\\/uploads\\\/2025\\\/07\\\/abao-bilba-opera.svg\",\"contentUrl\":\"https:\\\/\\\/www.abao.org\\\/wp-content\\\/uploads\\\/2025\\\/07\\\/abao-bilba-opera.svg\",\"width\":260,\"height\":80,\"caption\":\"ABAO-OLBE\"},\"image\":{\"@id\":\"https:\\\/\\\/www.abao.org\\\/en\\\/#\\\/schema\\\/logo\\\/image\\\/\"}}]}<\/script>\n<!-- \/ Yoast SEO plugin. -->","yoast_head_json":{"title":"Governing bodies - ABAO-OLBE","robots":{"index":"index","follow":"follow","max-snippet":"max-snippet:-1","max-image-preview":"max-image-preview:large","max-video-preview":"max-video-preview:-1"},"canonical":"https:\/\/www.abao.org\/en\/organos-de-gobierno\/","og_locale":"en_US","og_type":"article","og_title":"Governing bodies - ABAO-OLBE","og_url":"https:\/\/www.abao.org\/en\/organos-de-gobierno\/","og_site_name":"ABAO-OLBE","article_modified_time":"2026-01-12T16:56:51+00:00","twitter_card":"summary_large_image","twitter_misc":{"Est. reading time":"1 minute"},"schema":{"@context":"https:\/\/schema.org","@graph":[{"@type":"WebPage","@id":"https:\/\/www.abao.org\/en\/organos-de-gobierno\/","url":"https:\/\/www.abao.org\/en\/organos-de-gobierno\/","name":"Governing bodies - ABAO-OLBE","isPartOf":{"@id":"https:\/\/www.abao.org\/en\/#website"},"datePublished":"2025-07-28T10:57:41+00:00","dateModified":"2026-01-12T16:56:51+00:00","breadcrumb":{"@id":"https:\/\/www.abao.org\/en\/organos-de-gobierno\/#breadcrumb"},"inLanguage":"en-US","potentialAction":[{"@type":"ReadAction","target":["https:\/\/www.abao.org\/en\/organos-de-gobierno\/"]}]},{"@type":"BreadcrumbList","@id":"https:\/\/www.abao.org\/en\/organos-de-gobierno\/#breadcrumb","itemListElement":[{"@type":"ListItem","position":1,"name":"Portada","item":"https:\/\/www.abao.org\/en\/"},{"@type":"ListItem","position":2,"name":"Governing bodies"}]},{"@type":"WebSite","@id":"https:\/\/www.abao.org\/en\/#website","url":"https:\/\/www.abao.org\/en\/","name":"ABAO-OLBE","description":"","publisher":{"@id":"https:\/\/www.abao.org\/en\/#organization"},"potentialAction":[{"@type":"SearchAction","target":{"@type":"EntryPoint","urlTemplate":"https:\/\/www.abao.org\/en\/?s={search_term_string}"},"query-input":{"@type":"PropertyValueSpecification","valueRequired":true,"valueName":"search_term_string"}}],"inLanguage":"en-US"},{"@type":"Organization","@id":"https:\/\/www.abao.org\/en\/#organization","name":"ABAO-OLBE","url":"https:\/\/www.abao.org\/en\/","logo":{"@type":"ImageObject","inLanguage":"en-US","@id":"https:\/\/www.abao.org\/en\/#\/schema\/logo\/image\/","url":"https:\/\/www.abao.org\/wp-content\/uploads\/2025\/07\/abao-bilba-opera.svg","contentUrl":"https:\/\/www.abao.org\/wp-content\/uploads\/2025\/07\/abao-bilba-opera.svg","width":260,"height":80,"caption":"ABAO-OLBE"},"image":{"@id":"https:\/\/www.abao.org\/en\/#\/schema\/logo\/image\/"}}]}},"_links":{"self":[{"href":"https:\/\/www.abao.org\/en\/wp-json\/wp\/v2\/pages\/3760","targetHints":{"allow":["GET"]}}],"collection":[{"href":"https:\/\/www.abao.org\/en\/wp-json\/wp\/v2\/pages"}],"about":[{"href":"https:\/\/www.abao.org\/en\/wp-json\/wp\/v2\/types\/page"}],"author":[{"embeddable":true,"href":"https:\/\/www.abao.org\/en\/wp-json\/wp\/v2\/users\/1"}],"replies":[{"embeddable":true,"href":"https:\/\/www.abao.org\/en\/wp-json\/wp\/v2\/comments?post=3760"}],"version-history":[{"count":1,"href":"https:\/\/www.abao.org\/en\/wp-json\/wp\/v2\/pages\/3760\/revisions"}],"predecessor-version":[{"id":3772,"href":"https:\/\/www.abao.org\/en\/wp-json\/wp\/v2\/pages\/3760\/revisions\/3772"}],"wp:attachment":[{"href":"https:\/\/www.abao.org\/en\/wp-json\/wp\/v2\/media?parent=3760"}],"curies":[{"name":"wp","href":"https:\/\/api.w.org\/{rel}","templated":true}]}}