{"id":3385,"date":"2025-09-22T23:17:26","date_gmt":"2025-09-22T21:17:26","guid":{"rendered":"https:\/\/www.abao.org\/tutto-verdi\/publicaciones\/"},"modified":"2026-01-29T11:54:06","modified_gmt":"2026-01-29T10:54:06","slug":"publications","status":"publish","type":"page","link":"https:\/\/www.abao.org\/en\/tutto-verdi\/publications\/","title":{"rendered":"Publications"},"content":{"rendered":"\t<div\n\t\tstyle=\"--_background-image: url(https:\/\/www.abao.org\/wp-content\/uploads\/2025\/09\/tutto-verdi-hero.png);\" class=\"abao-page-heading wp-elements-d0a74a6e3a4ca3721357fe4c29bd2b89 abao-page-heading--has-background-image abao-page-heading--regular-type align wp-elements-d0a74a6e3a4ca3721357fe4c29bd2b89 wp-block-abao-page-heading has-text-color has-contrast-color\" id=\"abao-page-heading-69fc9cd69464e\"\t>\n\t\t<div class=\"abao-page-heading__inner\">\n\t\t\t\n\t\t\t<h1 class=\"abao-page-heading__heading\">Tutto Verdi<\/h1>\n\n\t\t\t\t\t<\/div>\n\t<\/div>\n\n\n<div\n\tclass=\"abao-internal-navigation abao-internal-navigation--is-pages-type align wp-block-abao-internal-navigation\" id=\"abao-internal-navigation-69fc9cd6a92a6\">\n\t<div class=\"abao-internal-navigation__inner\">\n\n\t\t<ul class=\"abao-internal-navigation__list\">\n\t\t\t\t\t\t<li class=\"abao-internal-navigation__item\">\n\t\t\t\t<a href=\"\/en\/tutto-verdi\/\" class=\"abao-internal-navigation__item-link\" target=\"\">\n\t\t\t\t\tIntroduction\t\t\t\t<\/a>\n\t\t\t<\/li>\n\t\t\t\t\t\t\t<li class=\"abao-internal-navigation__item\">\n\t\t\t\t<a href=\"\/en\/tutto-verdi\/performed-Operas\/\" class=\"abao-internal-navigation__item-link\" target=\"\">\n\t\t\t\t\tPerformed Operas\t\t\t\t<\/a>\n\t\t\t<\/li>\n\t\t\t\t\t\t\t<li class=\"abao-internal-navigation__item\">\n\t\t\t\t<a href=\"\/en\/tutto-verdi\/verdi-weeks\/\" class=\"abao-internal-navigation__item-link\" target=\"\">\n\t\t\t\t\tVerdi Weeks\t\t\t\t<\/a>\n\t\t\t<\/li>\n\t\t\t\t\t\t\t<li class=\"abao-internal-navigation__item\">\n\t\t\t\t<a href=\"\/en\/tutto-verdi\/publications\/\" class=\"abao-internal-navigation__item-link\" target=\"\">\n\t\t\t\t\tPublications\t\t\t\t<\/a>\n\t\t\t<\/li>\n\t\t\t\t\t\t\t<li class=\"abao-internal-navigation__item\">\n\t\t\t\t<a href=\"\/en\/tutto-verdi\/awards\/\" class=\"abao-internal-navigation__item-link\" target=\"\">\n\t\t\t\t\tTutto Verdi Awards\t\t\t\t<\/a>\n\t\t\t<\/li>\n\t\t\t\t\t\t\t<li class=\"abao-internal-navigation__item\">\n\t\t\t\t<a href=\"\/en\/tutto-verdi\/conference\/\" class=\"abao-internal-navigation__item-link\" target=\"\">\n\t\t\t\t\tConference\t\t\t\t<\/a>\n\t\t\t<\/li>\n\t\t\t\t\t\t<\/ul>\n\n\t<\/div>\n<\/div>\n\n\n\n<div\n\tstyle=\"padding-top:var(--wp--preset--spacing--custom-70);padding-bottom:var(--wp--preset--spacing--custom-70);\" class=\"abao-text-list is-block-with-sidebar abao-text-list--rows-type align wp-block-abao-text-list\" id=\"abao-text-list-69fc9cd6961cf\">\n\n\t<div class=\"abao-text-list__inner is-block-inner\">\n\n\t\t<div class=\"abao-block__sidebar abao-block__sidebar--regular-width is-block-sidebar\"><h2 class=\"abao-block__sidebar-heading abao-block__sidebar-heading--regular-size\">Books<\/h2><\/div>\n\t\t<div class=\"abao-text-list__content is-block-content\">\n\t\t\t<div class=\"abao-text-list__list\">\n\t\t\t\t<div\n\tclass=\"abao-text abao-text--regular-font-size abao-text--regular-width abao-text--single-column align wp-block-abao-text\" id=\"abao-text-69fc9cd696a36\">\n\n\t<div class=\"abao-text__inner is-block-inner\">\n\n\t\t\n\t\t<div class=\"abao-text__content is-block-content\">\n\n\t\t\t\t\t\t<h3 class=\"abao-text__heading\">Vive Verdi<\/h3>\n\t\t\t\t\n\t\t\t\t\t\t<div class=\"abao-text__text is-text\">\n\t\t\t\t<p><span style=\"font-weight: 400\">Year of Publication: 2007. <\/span><\/p>\n<p><span style=\"font-weight: 400\">Authors: Pierluigi Petrobelli, Santiago Salaverri, Javier Viar, Fernando Fraga.<\/span><\/p>\n\t\t\t<\/div>\n\t\t\t\t\n\t\t\t\t\t<\/div>\n\t<\/div>\n<\/div>\n<div\n\tclass=\"abao-text abao-text--regular-font-size abao-text--regular-width abao-text--single-column align wp-block-abao-text\" id=\"abao-text-69fc9cd69bf17\">\n\n\t<div class=\"abao-text__inner is-block-inner\">\n\n\t\t\n\t\t<div class=\"abao-text__content is-block-content\">\n\n\t\t\t\t\t\t<h3 class=\"abao-text__heading\">Vive Verdi 2006<\/h3>\n\t\t\t\t\n\t\t\t\t\t\t<div class=\"abao-text__text is-text\">\n\t\t\t\t<p>Year of publication: 2007. ISBN: 978-84-9830-110-6. <\/p>\n<p>Authors: Javier Elzo, Juan Carlos Matellanes, Jon Paul Laka, Jos\u00e9 Antonio Campos, Gerard Mortier, Pierluigi Petrobelli, Federico Mayor Oreja, Carlos Castilla del Pino.<\/p>\n\t\t\t<\/div>\n\t\t\t\t\n\t\t\t\t\t<\/div>\n\t<\/div>\n<\/div>\n<div\n\tclass=\"abao-text abao-text--regular-font-size abao-text--regular-width abao-text--single-column align wp-block-abao-text\" id=\"abao-text-69fc9cd69dc9f\">\n\n\t<div class=\"abao-text__inner is-block-inner\">\n\n\t\t\n\t\t<div class=\"abao-text__content is-block-content\">\n\n\t\t\t\t\t\t<h3 class=\"abao-text__heading\">\u00a1Salid! \u00a1Sombras serenas! El aspecto visual del espect\u00e1culo verdiano.<\/h3>\n\t\t\t\t\n\t\t\t\t\t\t<div class=\"abao-text__text is-text\">\n\t\t\t\t<p>Year of Publication: 2006-2007. ISBN 88-85065-27-9. Authors: Pierluigi Petrobelli, Marisa di Gregorio Casati, Olga Jesurum, Jolanda Nigro Covre, Emilio Sagi, Ignacio Garcia.<\/p>\n\t\t\t<\/div>\n\t\t\t\t\n\t\t\t\t\t<\/div>\n\t<\/div>\n<\/div>\n<div\n\tclass=\"abao-text abao-text--regular-font-size abao-text--regular-width abao-text--single-column align wp-block-abao-text\" id=\"abao-text-69fc9cd69de06\">\n\n\t<div class=\"abao-text__inner is-block-inner\">\n\n\t\t\n\t\t<div class=\"abao-text__content is-block-content\">\n\n\t\t\t\t\t\t<h3 class=\"abao-text__heading\">Por Amor a Verdi<\/h3>\n\t\t\t\t\n\t\t\t\t\t\t<div class=\"abao-text__text is-text\">\n\t\t\t\t<p><span style=\"font-weight: 400\">Year of Publication: 2008. <\/span><span style=\"font-weight: 400\">ISBN: 88-7898-026-9. <\/span><\/p>\n<p><span style=\"font-weight: 400\">Authors: Marco Marica, Olga Jesurum, Marisa di Gregorio Casati<\/span><\/p>\n\t\t\t<\/div>\n\t\t\t\t\n\t\t\t\t\t<\/div>\n\t<\/div>\n<\/div>\n<div\n\tclass=\"abao-text abao-text--regular-font-size abao-text--regular-width abao-text--single-column align wp-block-abao-text\" id=\"abao-text-69fc9cd69dfd7\">\n\n\t<div class=\"abao-text__inner is-block-inner\">\n\n\t\t\n\t\t<div class=\"abao-text__content is-block-content\">\n\n\t\t\t\t\t\t<h3 class=\"abao-text__heading\">Stride la Vampa<\/h3>\n\t\t\t\t\n\t\t\t\t\t\t<div class=\"abao-text__text is-text\">\n\t\t\t\t<p><span style=\"font-weight: 400\">Year of Publication: 2009. ISBN: 978-84-612-8374-3. <\/span><\/p>\n<p><span style=\"font-weight: 400\">Authors: Manuel Montero, Juan Angel Vela del Campo, Jos\u00e9 Luis T\u00e9llez. Photos: Mikel Alonso.<\/span><\/p>\n\t\t\t<\/div>\n\t\t\t\t\n\t\t\t\t\t<\/div>\n\t<\/div>\n<\/div>\n<div\n\tclass=\"abao-text abao-text--regular-font-size abao-text--regular-width abao-text--single-column align wp-block-abao-text\" id=\"abao-text-69fc9cd69e0e7\">\n\n\t<div class=\"abao-text__inner is-block-inner\">\n\n\t\t\n\t\t<div class=\"abao-text__content is-block-content\">\n\n\t\t\t\t\t\t<h3 class=\"abao-text__heading\">Una lama de Bilbao<\/h3>\n\t\t\t\t\n\t\t\t\t\t\t<div class=\"abao-text__text is-text\">\n\t\t\t\t<p>Year of Publication: 2011. ISBN: 978-84-614-8576-5. <\/p>\n<p>Authors: Mario Vargas Llosa, Manuel Montero, Mauricio Wiesenthal, Jos\u00e9 Luis T\u00e9llez, Juan Angel Vela del Campo, Ferr\u00e1n Adri\u00e1.<\/p>\n\t\t\t<\/div>\n\t\t\t\t\n\t\t\t\t\t<\/div>\n\t<\/div>\n<\/div>\n<div\n\tclass=\"abao-text abao-text--regular-font-size abao-text--regular-width abao-text--single-column align wp-block-abao-text\" id=\"abao-text-69fc9cd69e237\">\n\n\t<div class=\"abao-text__inner is-block-inner\">\n\n\t\t\n\t\t<div class=\"abao-text__content is-block-content\">\n\n\t\t\t\t\t\t<h3 class=\"abao-text__heading\">Verdi, de pu\u00f1o y letra<\/h3>\n\t\t\t\t\n\t\t\t\t\t\t<div class=\"abao-text__text is-text\">\n\t\t\t\t<p>Year of Publication: 2013. ISBN: 978-84-616-4548-0. <\/p>\n<p>Authors: Pierluigi Petrobelli, Juan Carlos Matellanes, Maria Mercedes Carrara Verdi, Dinko Fabris, Juan Angel Vela del Campo.<\/p>\n\t\t\t<\/div>\n\t\t\t\t\n\t\t\t\t\t<\/div>\n\t<\/div>\n<\/div>\n\t\t\t<\/div>\n\t\t<\/div>\n\n\t<\/div>\n<\/div>\n\n\n<div\n\tstyle=\"padding-top:var(--wp--preset--spacing--custom-70);padding-bottom:var(--wp--preset--spacing--custom-70);\" class=\"abao-text-list is-block-with-sidebar abao-text-list--rows-type align wp-block-abao-text-list\" id=\"abao-text-list-69fc9cd6a36a0\">\n\n\t<div class=\"abao-text-list__inner is-block-inner\">\n\n\t\t<div class=\"abao-block__sidebar abao-block__sidebar--regular-width is-block-sidebar\"><h2 class=\"abao-block__sidebar-heading abao-block__sidebar-heading--regular-size\">CD y DVD<\/h2><\/div>\n\t\t<div class=\"abao-text-list__content is-block-content\">\n\t\t\t<div class=\"abao-text-list__list\">\n\t\t\t\t<div\n\tclass=\"abao-text abao-text--regular-font-size abao-text--regular-width abao-text--single-column align wp-block-abao-text\" id=\"abao-text-69fc9cd6a38ff\">\n\n\t<div class=\"abao-text__inner is-block-inner\">\n\n\t\t\n\t\t<div class=\"abao-text__content is-block-content\">\n\n\t\t\t\t\t\t<h3 class=\"abao-text__heading\">CD Vive Verdi<\/h3>\n\t\t\t\t\n\t\t\t\t\t\t<div class=\"abao-text__text is-text\">\n\t\t\t\t<p>2006. Selection of live recordings at Coliseo Albia in Bilbao between 1956 and 1981.<\/p>\n\t\t\t<\/div>\n\t\t\t\t\n\t\t\t\t\t<\/div>\n\t<\/div>\n<\/div>\n<div\n\tclass=\"abao-text abao-text--regular-font-size abao-text--regular-width abao-text--single-column align wp-block-abao-text\" id=\"abao-text-69fc9cd6a3a2c\">\n\n\t<div class=\"abao-text__inner is-block-inner\">\n\n\t\t\n\t\t<div class=\"abao-text__content is-block-content\">\n\n\t\t\t\t\t\t<h3 class=\"abao-text__heading\">DVD Oberto Conte di San Bonifazio (G. Verdi)<\/h3>\n\t\t\t\t\n\t\t\t\t\t\t<div class=\"abao-text__text is-text\">\n\t\t\t\t<p>2007. Music Director: Yves Abel. Stage Director: Ignacio Garc\u00eda. Opera Choir of Bilbao. Symphony Orchestra of the Principality of Asturias. Cast: Ildar Abdrazakov, Evelyn Herlitzius, Carlo Ventre, Marianne Cornetti, Nuria Lorenzo.<\/p>\n\t\t\t<\/div>\n\t\t\t\t\n\t\t\t\t\t<\/div>\n\t<\/div>\n<\/div>\n<div\n\tclass=\"abao-text abao-text--regular-font-size abao-text--regular-width abao-text--single-column align wp-block-abao-text\" id=\"abao-text-69fc9cd6a3b6c\">\n\n\t<div class=\"abao-text__inner is-block-inner\">\n\n\t\t\n\t\t<div class=\"abao-text__content is-block-content\">\n\n\t\t\t\t\t\t<h3 class=\"abao-text__heading\">CD Voces Verdianas<\/h3>\n\t\t\t\t\n\t\t\t\t\t\t<div class=\"abao-text__text is-text\">\n\t\t\t\t<p>2014. Selection of historic recordings with narrative introduction by Miguel Ler\u00edn at ABAO\u2019s 7th Verdi Week.<\/p>\n\t\t\t<\/div>\n\t\t\t\t\n\t\t\t\t\t<\/div>\n\t<\/div>\n<\/div>\n<div\n\tclass=\"abao-text abao-text--regular-font-size abao-text--regular-width abao-text--single-column align wp-block-abao-text\" id=\"abao-text-69fc9cd6a5e01\">\n\n\t<div class=\"abao-text__inner is-block-inner\">\n\n\t\t\n\t\t<div class=\"abao-text__content is-block-content\">\n\n\t\t\t\t\t\t<h3 class=\"abao-text__heading\">DVD Rigoletto (G. Verdi)<\/h3>\n\t\t\t\t\n\t\t\t\t\t\t<div class=\"abao-text__text is-text\">\n\t\t\t\t<p>2014. Music Director: Miguel \u00c1ngel G\u00f3mez Mart\u00ednez. Stage Director: Emilio Sagi. Choir Conductor: Boris Dujin. Bilbao Opera Choir. Bilbao Symphony Orchestra. Cast: Leo Nucci, Elena Mosuc, Ismael Jordi, Felipe Bou, Maria Jos\u00e9 Montiel, Ainhoa Zubillaga, Kurt Gysen, Javier Gal\u00e1n, C\u00e9sar San Mart\u00edn, Eider Torrijos, Eduardo Ituarte, Susana Cerro. Sponsored by BBVA Foundation.<\/p>\n\t\t\t<\/div>\n\t\t\t\t\n\t\t\t\t\t<\/div>\n\t<\/div>\n<\/div>\n\t\t\t<\/div>\n\t\t<\/div>\n\n\t<\/div>\n<\/div>\n\n\n<div\n\tclass=\"abao-cta abao-cta--left-aligned-type align wp-block-abao-cta\" id=\"abao-cta-69fc9cd6ac4f4\">\n\n\t<div class=\"abao-cta__inner\">\n\n\t\t\t\t<div class=\"abao-cta__media\">\n\t\t\t<img loading=\"lazy\" decoding=\"async\" width=\"1920\" height=\"773\" src=\"https:\/\/www.abao.org\/wp-content\/uploads\/2025\/07\/52256bead38c56da9ecc3d583e68cc0b9f0f3ce0.png\" class=\"abao-cta__image\" alt=\"Sala del teatro Euskalduna de Bilbao, sede de las funciones de \u00f3pera de ABAO\" srcset=\"https:\/\/www.abao.org\/wp-content\/uploads\/2025\/07\/52256bead38c56da9ecc3d583e68cc0b9f0f3ce0.png 1920w, https:\/\/www.abao.org\/wp-content\/uploads\/2025\/07\/52256bead38c56da9ecc3d583e68cc0b9f0f3ce0-768x309.png 768w\" sizes=\"auto, (max-width: 1920px) 100vw, 1920px\" \/>\t\t<\/div>\n\t\t\t\n\t\t<div class=\"abao-cta__content\">\n\t\t\t<h2 class=\"abao-cta__heading\">Apoya a ABAO<\/h2>\n\n\t\t\t\t\t\t<div class=\"abao-cta__text is-text\">\n\t\t\t\t<p>Participa en nuestros programas de Patrocinio y Mecenazgo y vincula tu empresa a nuestros valores.<\/p>\n\t\t\t<\/div>\n\t\t\t\t\n\t\t\t\t\t\t<div class=\"abao-cta__action-list is-action-list\">\n\t\t\t\t<div class=\"abao-cta__action-item is-action-item\">\n\t\t\t\t\t<a href=\"\/mecenas\/\" class=\"abao-cta__action-link is-action-link nice-button\" target=\"\">\n\t\t\t\t\t\tDescubre nuestros programas\t\t\t\t\t<\/a>\n\t\t\t\t<\/div>\n\t\t\t<\/div>\n\t\t\t\t\t\t<\/div>\n\t<\/div>\n\n<\/div>\n\n","protected":false},"excerpt":{"rendered":"","protected":false},"author":1,"featured_media":0,"parent":3354,"menu_order":2,"comment_status":"closed","ping_status":"closed","template":"","meta":{"_acf_changed":false,"footnotes":""},"class_list":["post-3385","page","type-page","status-publish","hentry"],"acf":[],"yoast_head":"<!-- This site is optimized with the Yoast SEO plugin v27.5 - https:\/\/yoast.com\/product\/yoast-seo-wordpress\/ -->\n<title>Publications - ABAO-OLBE<\/title>\n<meta name=\"robots\" content=\"index, follow, max-snippet:-1, max-image-preview:large, max-video-preview:-1\" \/>\n<link rel=\"canonical\" href=\"https:\/\/www.abao.org\/en\/tutto-verdi\/publications\/\" \/>\n<meta property=\"og:locale\" content=\"en_US\" \/>\n<meta property=\"og:type\" content=\"article\" \/>\n<meta property=\"og:title\" content=\"Publications - ABAO-OLBE\" \/>\n<meta property=\"og:url\" content=\"https:\/\/www.abao.org\/en\/tutto-verdi\/publications\/\" \/>\n<meta property=\"og:site_name\" content=\"ABAO-OLBE\" \/>\n<meta property=\"article:modified_time\" content=\"2026-01-29T10:54:06+00:00\" \/>\n<meta name=\"twitter:card\" content=\"summary_large_image\" \/>\n<meta name=\"twitter:label1\" content=\"Est. reading time\" \/>\n\t<meta name=\"twitter:data1\" content=\"1 minute\" \/>\n<script type=\"application\/ld+json\" class=\"yoast-schema-graph\">{\"@context\":\"https:\\\/\\\/schema.org\",\"@graph\":[{\"@type\":\"WebPage\",\"@id\":\"https:\\\/\\\/www.abao.org\\\/en\\\/tutto-verdi\\\/publications\\\/\",\"url\":\"https:\\\/\\\/www.abao.org\\\/en\\\/tutto-verdi\\\/publications\\\/\",\"name\":\"Publications - ABAO-OLBE\",\"isPartOf\":{\"@id\":\"https:\\\/\\\/www.abao.org\\\/en\\\/#website\"},\"datePublished\":\"2025-09-22T21:17:26+00:00\",\"dateModified\":\"2026-01-29T10:54:06+00:00\",\"breadcrumb\":{\"@id\":\"https:\\\/\\\/www.abao.org\\\/en\\\/tutto-verdi\\\/publications\\\/#breadcrumb\"},\"inLanguage\":\"en-US\",\"potentialAction\":[{\"@type\":\"ReadAction\",\"target\":[\"https:\\\/\\\/www.abao.org\\\/en\\\/tutto-verdi\\\/publications\\\/\"]}]},{\"@type\":\"BreadcrumbList\",\"@id\":\"https:\\\/\\\/www.abao.org\\\/en\\\/tutto-verdi\\\/publications\\\/#breadcrumb\",\"itemListElement\":[{\"@type\":\"ListItem\",\"position\":1,\"name\":\"Portada\",\"item\":\"https:\\\/\\\/www.abao.org\\\/en\\\/\"},{\"@type\":\"ListItem\",\"position\":2,\"name\":\"Tutto Verdi\",\"item\":\"https:\\\/\\\/www.abao.org\\\/en\\\/tutto-verdi\\\/\"},{\"@type\":\"ListItem\",\"position\":3,\"name\":\"Publications\"}]},{\"@type\":\"WebSite\",\"@id\":\"https:\\\/\\\/www.abao.org\\\/en\\\/#website\",\"url\":\"https:\\\/\\\/www.abao.org\\\/en\\\/\",\"name\":\"ABAO-OLBE\",\"description\":\"\",\"publisher\":{\"@id\":\"https:\\\/\\\/www.abao.org\\\/en\\\/#organization\"},\"potentialAction\":[{\"@type\":\"SearchAction\",\"target\":{\"@type\":\"EntryPoint\",\"urlTemplate\":\"https:\\\/\\\/www.abao.org\\\/en\\\/?s={search_term_string}\"},\"query-input\":{\"@type\":\"PropertyValueSpecification\",\"valueRequired\":true,\"valueName\":\"search_term_string\"}}],\"inLanguage\":\"en-US\"},{\"@type\":\"Organization\",\"@id\":\"https:\\\/\\\/www.abao.org\\\/en\\\/#organization\",\"name\":\"ABAO-OLBE\",\"url\":\"https:\\\/\\\/www.abao.org\\\/en\\\/\",\"logo\":{\"@type\":\"ImageObject\",\"inLanguage\":\"en-US\",\"@id\":\"https:\\\/\\\/www.abao.org\\\/en\\\/#\\\/schema\\\/logo\\\/image\\\/\",\"url\":\"https:\\\/\\\/www.abao.org\\\/wp-content\\\/uploads\\\/2025\\\/07\\\/abao-bilba-opera.svg\",\"contentUrl\":\"https:\\\/\\\/www.abao.org\\\/wp-content\\\/uploads\\\/2025\\\/07\\\/abao-bilba-opera.svg\",\"width\":260,\"height\":80,\"caption\":\"ABAO-OLBE\"},\"image\":{\"@id\":\"https:\\\/\\\/www.abao.org\\\/en\\\/#\\\/schema\\\/logo\\\/image\\\/\"}}]}<\/script>\n<!-- \/ Yoast SEO plugin. -->","yoast_head_json":{"title":"Publications - ABAO-OLBE","robots":{"index":"index","follow":"follow","max-snippet":"max-snippet:-1","max-image-preview":"max-image-preview:large","max-video-preview":"max-video-preview:-1"},"canonical":"https:\/\/www.abao.org\/en\/tutto-verdi\/publications\/","og_locale":"en_US","og_type":"article","og_title":"Publications - ABAO-OLBE","og_url":"https:\/\/www.abao.org\/en\/tutto-verdi\/publications\/","og_site_name":"ABAO-OLBE","article_modified_time":"2026-01-29T10:54:06+00:00","twitter_card":"summary_large_image","twitter_misc":{"Est. reading time":"1 minute"},"schema":{"@context":"https:\/\/schema.org","@graph":[{"@type":"WebPage","@id":"https:\/\/www.abao.org\/en\/tutto-verdi\/publications\/","url":"https:\/\/www.abao.org\/en\/tutto-verdi\/publications\/","name":"Publications - ABAO-OLBE","isPartOf":{"@id":"https:\/\/www.abao.org\/en\/#website"},"datePublished":"2025-09-22T21:17:26+00:00","dateModified":"2026-01-29T10:54:06+00:00","breadcrumb":{"@id":"https:\/\/www.abao.org\/en\/tutto-verdi\/publications\/#breadcrumb"},"inLanguage":"en-US","potentialAction":[{"@type":"ReadAction","target":["https:\/\/www.abao.org\/en\/tutto-verdi\/publications\/"]}]},{"@type":"BreadcrumbList","@id":"https:\/\/www.abao.org\/en\/tutto-verdi\/publications\/#breadcrumb","itemListElement":[{"@type":"ListItem","position":1,"name":"Portada","item":"https:\/\/www.abao.org\/en\/"},{"@type":"ListItem","position":2,"name":"Tutto Verdi","item":"https:\/\/www.abao.org\/en\/tutto-verdi\/"},{"@type":"ListItem","position":3,"name":"Publications"}]},{"@type":"WebSite","@id":"https:\/\/www.abao.org\/en\/#website","url":"https:\/\/www.abao.org\/en\/","name":"ABAO-OLBE","description":"","publisher":{"@id":"https:\/\/www.abao.org\/en\/#organization"},"potentialAction":[{"@type":"SearchAction","target":{"@type":"EntryPoint","urlTemplate":"https:\/\/www.abao.org\/en\/?s={search_term_string}"},"query-input":{"@type":"PropertyValueSpecification","valueRequired":true,"valueName":"search_term_string"}}],"inLanguage":"en-US"},{"@type":"Organization","@id":"https:\/\/www.abao.org\/en\/#organization","name":"ABAO-OLBE","url":"https:\/\/www.abao.org\/en\/","logo":{"@type":"ImageObject","inLanguage":"en-US","@id":"https:\/\/www.abao.org\/en\/#\/schema\/logo\/image\/","url":"https:\/\/www.abao.org\/wp-content\/uploads\/2025\/07\/abao-bilba-opera.svg","contentUrl":"https:\/\/www.abao.org\/wp-content\/uploads\/2025\/07\/abao-bilba-opera.svg","width":260,"height":80,"caption":"ABAO-OLBE"},"image":{"@id":"https:\/\/www.abao.org\/en\/#\/schema\/logo\/image\/"}}]}},"_links":{"self":[{"href":"https:\/\/www.abao.org\/en\/wp-json\/wp\/v2\/pages\/3385","targetHints":{"allow":["GET"]}}],"collection":[{"href":"https:\/\/www.abao.org\/en\/wp-json\/wp\/v2\/pages"}],"about":[{"href":"https:\/\/www.abao.org\/en\/wp-json\/wp\/v2\/types\/page"}],"author":[{"embeddable":true,"href":"https:\/\/www.abao.org\/en\/wp-json\/wp\/v2\/users\/1"}],"replies":[{"embeddable":true,"href":"https:\/\/www.abao.org\/en\/wp-json\/wp\/v2\/comments?post=3385"}],"version-history":[{"count":11,"href":"https:\/\/www.abao.org\/en\/wp-json\/wp\/v2\/pages\/3385\/revisions"}],"predecessor-version":[{"id":4445,"href":"https:\/\/www.abao.org\/en\/wp-json\/wp\/v2\/pages\/3385\/revisions\/4445"}],"up":[{"embeddable":true,"href":"https:\/\/www.abao.org\/en\/wp-json\/wp\/v2\/pages\/3354"}],"wp:attachment":[{"href":"https:\/\/www.abao.org\/en\/wp-json\/wp\/v2\/media?parent=3385"}],"curies":[{"name":"wp","href":"https:\/\/api.w.org\/{rel}","templated":true}]}}